{"id":907,"date":"2020-05-19T23:29:54","date_gmt":"2020-05-19T23:29:54","guid":{"rendered":"https:\/\/academiacesmar.com\/?page_id=907"},"modified":"2020-05-22T09:57:50","modified_gmt":"2020-05-22T09:57:50","slug":"politica-de-privacidad","status":"publish","type":"page","link":"https:\/\/academiacesmar.com\/en\/politica-de-privacidad\/","title":{"rendered":"Pol\u00edtica de privacidad"},"content":{"rendered":"<p>ACADEMIA CESMAR se toma muy en serio tu privacidad. Almacenamos tus datos de forma segura y los tratamos de acuerdo con las disposiciones del Reglamento General de Protecci\u00f3n de Datos (RGPD) (UE) 2016\/679.<\/p>\n<p>Esta pol\u00edtica de privacidad se aplica a todos los clientes de ACADEMIA CESMAR y a los servicios, productos y aplicaciones ofrecidos por ACADEMIA CESMAR.<\/p>\n<p>Al aceptar los t\u00e9rminos de la presente pol\u00edtica de privacidad, el usuario acepta el tratamiento automatizado de los datos de car\u00e1cter personal facilitados, con las finalidades aqu\u00ed indicadas.<\/p>\n<p>1. Datos personales. Te pedimos que proporciones la siguiente informaci\u00f3n cuando te registres en nuestro sitio web y solicites los servicios que ofrecemos: tu nombre completo, direcci\u00f3n de correo electr\u00f3nico, empresa y cargo, formaci\u00f3n en la que est\u00e1s interesad@, n\u00famero de tel\u00e9fono, direcci\u00f3n de email y direcci\u00f3n de facturaci\u00f3n.<\/p>\n<p>2. Informaci\u00f3n que recogemos. En aquellos casos en que as\u00ed lo requieran las leyes y normas de ciertas jurisdicciones, ACADEMIA CESMAR tiene el derecho de solicitar los datos personales del usuario para verificar su identidad: confirmaci\u00f3n de su lugar de residencia, copias escaneadas del documento de identidad del usuario, pasaporte, contratos de alquiler o de trabajo, facturas de servicios p\u00fablicos, una foto del usuario con sus documentos personales y otra informaci\u00f3n relacionada. Utilizamos los archivos Cookie para mayor usabilidad de nuestro sitio web y servicios y para mostrar anuncios publicitarios personalizados (retarteging). Puedes encontrar m\u00e1s informaci\u00f3n sobre Cookie en este sitio web.<\/p>\n<p>3. Objetivo del procesamiento de datos. Los datos personales se recogen y almacenan con las siguientes finalidades: gestionar tu cuenta personal; proporcionar y gestionar los servicios que has solicitado; procesar los pagos y la contabilidad relacionados con tu cuenta personal; informarte sobre las actualizaciones, noticias y cambios del servicio. Con el fin de cumplir con los requisitos reglamentarios establecidos por el sector de las telecomunicaciones, la informaci\u00f3n personal es necesaria para que puedas ordenar y utilizar nuestros productos y servicios.<\/p>\n<p>4. Informaci\u00f3n proporcionada por el usuario. T\u00fa asumes toda la responsabilidad de la informaci\u00f3n y los documentos que nos proporcionas. Nos reservamos el derecho de cancelar todos nuestros servicios si la informaci\u00f3n que has proporcionado es falsa, incompleta o incorrecta, incluye datos personales, informaci\u00f3n o documentos que han sido robados.<\/p>\n<p>5. Terceros. Si has decidido proporcionar informaci\u00f3n de identificaci\u00f3n personal, recuerda que esta s\u00f3lo ser\u00e1 utilizada en el contexto de tu relaci\u00f3n de cliente con ACADEMIA CESMAR. No compartiremos, ni venderemos, alquilaremos o cederemos tus datos personales a terceros. Tu informaci\u00f3n personal puede ser utilizada por los proveedores de productos y servicios con los que trabajamos en ciertos pa\u00edses, si as\u00ed lo requieren las leyes y reglamentos de ese pa\u00eds. Si lo solicita una agencia gubernamental, una instituci\u00f3n p\u00fablica cuya funci\u00f3n es la aplicaci\u00f3n de la ley, un tribunal o de cualquier otro modo que la ley requiera, ACADEMIA CESMAR puede revelar tus datos personales y la informaci\u00f3n relacionada con tu perfil personal de ACADEMIA CESMAR. Te rogamos que no utilices nuestros servicios si no est\u00e1s de acuerdo con dicho uso de tu informaci\u00f3n personal.<\/p>\n<p>6. Derechos del usuario. Puedes ver y editar tu informaci\u00f3n personal poni\u00e9ndote en contacto con nuestro email de atenci\u00f3n al cliente. De acuerdo con el Reglamento General de Protecci\u00f3n de Datos (RGPD), tienes derecho a revocar tu consentimiento en relaci\u00f3n con el tratamiento de tus datos personales y a ejercer tu derecho de acceso, rectificaci\u00f3n, cancelaci\u00f3n, restricci\u00f3n, objeci\u00f3n y portabilidad de los datos. Ten en cuenta que si decides eliminar tus datos personales, tus acciones pueden impedirnos suministrarte nuestros productos y servicios. Para cualquier pregunta relacionada con esta pol\u00edtica de privacidad, por favor contacta con info@academiacesmar.com<\/p>\n<p>7. Menores de edad. Los menores de 14 a\u00f1os no deber\u00e1n utilizar los servicios de Academia Cesmar sin consentimiento de sus padres o tutores. En caso de que Academia Cesmar detecte usuarios que pudieran ser menores de 14 a\u00f1os, se reserva el derecho a solicitarle una copia de su DNI o documento equivalente, o, en su caso, la autorizaci\u00f3n de sus padres o tutores. En caso de no poder verificar la edad del presunto menor, Academia Cesmar se reserva el derecho a bloquear\/suspender su cuenta.<\/p>\n<p>8. Seguridad. Te garantizamos que todos tus datos personales se recogen y almacenan de forma segura. Cumplimos con todos los requisitos t\u00e9cnicos y realizamos las comprobaciones de seguridad necesarias para evitar cualquier p\u00e9rdida, mal uso, alteraci\u00f3n o acceso no autorizado a la informaci\u00f3n personal por parte de terceros.<\/p>\n","protected":false},"excerpt":{"rendered":"<p>ACADEMIA CESMAR se toma muy en serio tu privacidad. Almacenamos tus datos de forma segura y los tratamos de acuerdo con las disposiciones del Reglamento General de Protecci\u00f3n de Datos (RGPD) (UE) 2016\/679. Esta pol\u00edtica de privacidad se aplica a todos los clientes de ACADEMIA CESMAR y a los servicios, productos y aplicaciones ofrecidos por [&hellip;]<\/p>\n","protected":false},"author":1,"featured_media":0,"parent":0,"menu_order":0,"comment_status":"closed","ping_status":"closed","template":"","meta":{"pmpro_default_level":0},"_links":{"self":[{"href":"https:\/\/academiacesmar.com\/en\/wp-json\/wp\/v2\/pages\/907"}],"collection":[{"href":"https:\/\/academiacesmar.com\/en\/wp-json\/wp\/v2\/pages"}],"about":[{"href":"https:\/\/academiacesmar.com\/en\/wp-json\/wp\/v2\/types\/page"}],"author":[{"embeddable":true,"href":"https:\/\/academiacesmar.com\/en\/wp-json\/wp\/v2\/users\/1"}],"replies":[{"embeddable":true,"href":"https:\/\/academiacesmar.com\/en\/wp-json\/wp\/v2\/comments?post=907"}],"version-history":[{"count":4,"href":"https:\/\/academiacesmar.com\/en\/wp-json\/wp\/v2\/pages\/907\/revisions"}],"predecessor-version":[{"id":947,"href":"https:\/\/academiacesmar.com\/en\/wp-json\/wp\/v2\/pages\/907\/revisions\/947"}],"wp:attachment":[{"href":"https:\/\/academiacesmar.com\/en\/wp-json\/wp\/v2\/media?parent=907"}],"curies":[{"name":"wp","href":"https:\/\/api.w.org\/{rel}","templated":true}]}}