{"id":9,"date":"2017-01-13T19:49:29","date_gmt":"2017-01-13T19:49:29","guid":{"rendered":"https:\/\/themazine.com\/wp\/edutech\/?page_id=9"},"modified":"2022-10-31T12:45:13","modified_gmt":"2022-10-31T10:45:13","slug":"nuestras-instalaciones","status":"publish","type":"page","link":"https:\/\/academiacesmar.com\/en\/nuestras-instalaciones\/","title":{"rendered":"Nuestras instalaciones"},"content":{"rendered":"<p>[vc_row][vc_column][vc_column_text]<\/p>\n<h2 style=\"text-align: center;\">NUESTRO CENTRO<\/h2>\n<p style=\"text-align: center;\">La amplitud de nuestras instalaciones hacen de la academia un lugar apropiado para impartir clases con seguridad.<\/p>\n<p>[\/vc_column_text][\/vc_column][\/vc_row][vc_row container=\u00bb1&#8243;][vc_column width=\u00bb1\/6&#8243;][\/vc_column][vc_column width=\u00bb2\/3&#8243;][vc_images_carousel images=\u00bb398,399,400,402,403,404&#8243; img_size=\u00bbfull\u00bb autoplay=\u00bbyes\u00bb hide_pagination_control=\u00bbyes\u00bb hide_prev_next_buttons=\u00bbyes\u00bb wrap=\u00bbyes\u00bb el_id=\u00bbcarrusel\u00bb css=\u00bb.vc_custom_1591175711113{margin-left: 38px !important;border-left-width: 38px !important;padding-left: 38px !important;background-color: #ffffff !important;}\u00bb][\/vc_column][vc_column width=\u00bb1\/6&#8243;][\/vc_column][\/vc_row][vc_row container=\u00bb1&#8243;][vc_column][vc_empty_space height=\u00bb42px\u00bb css=\u00bb.vc_custom_1591175995692{margin-bottom: 4px !important;border-bottom-width: 4px !important;padding-bottom: 4px !important;}\u00bb][vc_column_text]<\/p>\n<p style=\"text-align: center;\">Con un total de\u00a0<span style=\"color: #ff9900;\"><strong>13 espaciosas aulas<\/strong><\/span>, una\u00a0<span style=\"color: #ff9900;\"><strong>amplia recepci\u00f3n<\/strong><\/span>, y\u00a0<span style=\"color: #ff9900;\"><strong>3 ba\u00f1os<\/strong><\/span>, nuestra academia est\u00e1 habilitada para dar formaci\u00f3n sin exponernos a posibles contagios.<\/p>\n<p style=\"text-align: center;\"><strong>El mobiliario del que disponemos en cada aula permite que el alumnado reciba sus clases sin riesgo de mantener contacto f\u00edsico con\u00a0el resto de estudiantes y profesora.\u00a0<\/strong><\/p>\n<p style=\"text-align: center;\">\u00a0Asimismo, entre las\u00a0<span style=\"color: #ff9900;\"><strong>medidas adoptadas ante el COVID-19<\/strong><\/span>\u00a0detallamos las siguientes:<\/p>\n<p>&nbsp;<\/p>\n<p style=\"text-align: center;\">&#8211; Toma de temperatura a cada alumno, sin contacto, mediante term\u00f3metros infrarrojos.<br \/>\n&#8211; Limpieza integral con ozono.<br \/>\n&#8211; Gel hidroalcoh\u00f3lico en cada aula y secamanos autom\u00e1ticos.<br \/>\n&#8211; Mascarillas quir\u00fargicas y mampara protectora en recepci\u00f3n.<\/p>\n<p>[\/vc_column_text][vc_column_text]<\/p>\n<h4 style=\"text-align: center;\">Por todo ello, en CESMAR&#8230;<strong> \u00a1Continuamos en las aulas!<\/strong><\/h4>\n<h4 style=\"text-align: center;\"><\/h4>\n<p>[\/vc_column_text][vc_column_text]<\/p>\n<p style=\"text-align: center;\">Seguimos ofreciendo a nuestros alumnos las clases de <a href=\"https:\/\/academiacesmar.com\/idiomas\/\" target=\"_blank\" rel=\"noopener noreferrer\"><span style=\"color: #33cccc;\"><strong>IDIOMAS<\/strong><\/span><\/a> y<span style=\"color: #33cccc;\"> <a style=\"color: #33cccc;\" href=\"https:\/\/academiacesmar.com\/apoyo\/\" target=\"_blank\" rel=\"noopener noreferrer\"><strong>APOYO EDUCATIVO<\/strong><\/a><span style=\"color: #808080;\">, as\u00ed como los diferentes<\/span><strong><span style=\"color: #808080;\"> cursos intensivos de OPOSICIONES,<\/span><\/strong><\/span>\u00a0de<strong> forma presencial,\u00a0<\/strong>con<strong> grupos reducidos.\u00a0<\/strong><\/p>\n<p>[\/vc_column_text][vc_column_text]<\/p>\n<p style=\"text-align: center;\">De igual forma, como sucedi\u00f3 el pasado mes de abril y los posteriores de confinamiento, ante las situaci\u00f3n por COVID-19, en caso de que sea imposible dar las clases en esta modalidad, nuestros alumnos podr\u00e1n continuar con nuestros CURSOS de <span style=\"color: #33cccc;\"><strong><a style=\"color: #33cccc;\" href=\"https:\/\/academiacesmar.com\/formacion-online\/\" target=\"_blank\" rel=\"noopener noreferrer\">FORMACI\u00d3N ONLINE<\/a>.\u00a0<\/strong><\/span><\/p>\n<p>[\/vc_column_text][\/vc_column][\/vc_row][vc_row][vc_column width=\u00bb1\/4&#8243;][\/vc_column][vc_column width=\u00bb1\/2&#8243; css=\u00bb.vc_custom_1598725255331{margin-top: 8px !important;border-top-width: 8px !important;padding-top: 8px !important;}\u00bb][vc_gallery images=\u00bb1463,1462,1461,1460,1459&#8243; img_size=\u00bblarge\u00bb][\/vc_column][vc_column width=\u00bb1\/4&#8243;][\/vc_column][\/vc_row][vc_row][vc_column][vc_column_text]<\/p>\n<h4 style=\"text-align: center;\"><span style=\"color: #ff9900;\"><strong>\u00a1Dale al PLAY!<\/strong><\/span><\/h4>\n<p>[\/vc_column_text][vc_raw_html el_class=\u00bbvideo-instalaciones\u00bb]JTNDaWZyYW1lJTIwd2lkdGglM0QlMjI1NjAlMjIlMjBoZWlnaHQlM0QlMjIzMTUlMjIlMjBzcmMlM0QlMjJodHRwcyUzQSUyRiUyRnd3dy55b3V0dWJlLmNvbSUyRmVtYmVkJTJGdTJhTG1UU01iLVUlMjIlMjB0aXRsZSUzRCUyMllvdVR1YmUlMjB2aWRlbyUyMHBsYXllciUyMiUyMGZyYW1lYm9yZGVyJTNEJTIyMCUyMiUyMGFsbG93JTNEJTIyYWNjZWxlcm9tZXRlciUzQiUyMGF1dG9wbGF5JTNCJTIwY2xpcGJvYXJkLXdyaXRlJTNCJTIwZW5jcnlwdGVkLW1lZGlhJTNCJTIwZ3lyb3Njb3BlJTNCJTIwcGljdHVyZS1pbi1waWN0dXJlJTIyJTIwYWxsb3dmdWxsc2NyZWVuJTNFJTNDJTJGaWZyYW1lJTNF[\/vc_raw_html][\/vc_column][\/vc_row]<\/p>\n","protected":false},"excerpt":{"rendered":"<p>[vc_row][vc_column][vc_column_text] NUESTRO CENTRO La amplitud de nuestras instalaciones hacen de la academia un lugar apropiado para impartir clases con seguridad. [\/vc_column_text][\/vc_column][\/vc_row][vc_row container=\u00bb1&#8243;][vc_column width=\u00bb1\/6&#8243;][\/vc_column][vc_column width=\u00bb2\/3&#8243;][vc_images_carousel images=\u00bb398,399,400,402,403,404&#8243; img_size=\u00bbfull\u00bb autoplay=\u00bbyes\u00bb hide_pagination_control=\u00bbyes\u00bb hide_prev_next_buttons=\u00bbyes\u00bb wrap=\u00bbyes\u00bb el_id=\u00bbcarrusel\u00bb css=\u00bb.vc_custom_1591175711113{margin-left: 38px !important;border-left-width: 38px !important;padding-left: 38px !important;background-color: #ffffff !important;}\u00bb][\/vc_column][vc_column width=\u00bb1\/6&#8243;][\/vc_column][\/vc_row][vc_row container=\u00bb1&#8243;][vc_column][vc_empty_space height=\u00bb42px\u00bb css=\u00bb.vc_custom_1591175995692{margin-bottom: 4px !important;border-bottom-width: 4px !important;padding-bottom: 4px !important;}\u00bb][vc_column_text] Con un total de\u00a013 espaciosas [&hellip;]<\/p>\n","protected":false},"author":1,"featured_media":0,"parent":0,"menu_order":0,"comment_status":"closed","ping_status":"closed","template":"","meta":{"pmpro_default_level":0},"_links":{"self":[{"href":"https:\/\/academiacesmar.com\/en\/wp-json\/wp\/v2\/pages\/9"}],"collection":[{"href":"https:\/\/academiacesmar.com\/en\/wp-json\/wp\/v2\/pages"}],"about":[{"href":"https:\/\/academiacesmar.com\/en\/wp-json\/wp\/v2\/types\/page"}],"author":[{"embeddable":true,"href":"https:\/\/academiacesmar.com\/en\/wp-json\/wp\/v2\/users\/1"}],"replies":[{"embeddable":true,"href":"https:\/\/academiacesmar.com\/en\/wp-json\/wp\/v2\/comments?post=9"}],"version-history":[{"count":46,"href":"https:\/\/academiacesmar.com\/en\/wp-json\/wp\/v2\/pages\/9\/revisions"}],"predecessor-version":[{"id":5046,"href":"https:\/\/academiacesmar.com\/en\/wp-json\/wp\/v2\/pages\/9\/revisions\/5046"}],"wp:attachment":[{"href":"https:\/\/academiacesmar.com\/en\/wp-json\/wp\/v2\/media?parent=9"}],"curies":[{"name":"wp","href":"https:\/\/api.w.org\/{rel}","templated":true}]}}