{"id":422,"date":"2020-05-03T11:56:40","date_gmt":"2020-05-03T11:56:40","guid":{"rendered":"https:\/\/academiacesmar.com\/?page_id=422"},"modified":"2021-09-02T16:50:53","modified_gmt":"2021-09-02T16:50:53","slug":"policia-nacional","status":"publish","type":"page","link":"https:\/\/academiacesmar.com\/en\/policia-nacional\/","title":{"rendered":"Polic\u00eda Nacional"},"content":{"rendered":"<p>[vc_row][vc_column][vc_tta_tabs color=\u00bborange\u00bb active_section=\u00bb1&#8243;][vc_tta_section title=\u00bbInformaci\u00f3n\u00bb tab_id=\u00bb1610989252369-877c2750-99c0&#8243;][vc_column_text]<span style=\"color: #808080;\">Dicha oposici\u00f3n es a<strong> nivel estatal<\/strong>, por lo que puedes tener como destino cualquier capital o municipio de\u00a0<strong>Espa\u00f1a<\/strong> donde existan <strong>Comisar\u00edas de la Polic\u00eda Nacional.<\/strong><\/span><\/p>\n<p style=\"text-align: justify;\"><span style=\"color: #808080;\">En <strong>CESMAR<\/strong>, te ayudaremos a aprobar las oposiciones del\u00a0\u00a0Cuerpo Nacional Polic\u00eda, proporcion\u00e1ndote todos los medios disponibles y el mejor equipo de profesores para que obtengas tu plaza. Del mismo modo, te mantendremos informado sobre las diferentes convocatorias, sus bases y plazo para las solicitudes.<\/span><\/p>\n<p style=\"text-align: justify;\"><span style=\"color: #808080;\">En las<strong> bases de la convocatoria<\/strong> se establecen una serie de requisitos que los aspirantes han de reunir para poder acceder a dicha oposici\u00f3n a la fecha de finalizaci\u00f3n del plazo de presentaci\u00f3n de solicitudes.<\/span><\/p>\n<p>[\/vc_column_text][\/vc_tta_section][vc_tta_section title=\u00bbRequisitos\u00bb tab_id=\u00bb1610989252388-4c2c1e2e-20fd\u00bb][vc_column_text]<\/p>\n<p style=\"text-align: justify;\"><span style=\"color: #ff9900;\"><strong><span class=\"elementor-heading-title elementor-size-default\">\u00bfQu\u00e9 requisitos necesitas cumplir para ingresar en el Cuerpo de la Polic\u00eda Nacional del Estado?<\/span><\/strong><\/span><\/p>\n<ol style=\"text-align: justify;\">\n<li><span style=\"color: #808080;\">Ser espa\u00f1ol.<\/span><\/li>\n<li><span style=\"color: #808080;\">Tener cumplida la mayor\u00eda de edad, siendo \u00e9sta 18 a\u00f1os.<\/span><\/li>\n<li><span style=\"color: #808080;\">Tener una estatura m\u00ednima de<span style=\"color: #ff9900;\"> 1,65 metros los hombres<\/span> y <span style=\"color: #ff9900;\">1,60 las mujeres<\/span>.<\/span><\/li>\n<li><span style=\"color: #808080;\">Ser\u00e1 necesario estar en posesi\u00f3n de la siguiente\u00a0 titulaci\u00f3n acad\u00e9mica: <span style=\"color: #ff9900;\">t\u00edtulo de BACHILLER o equivalente<\/span>. (Seg\u00fan\u00a0Ley Org\u00e1nica 9\/2015, de 28 de julio, de R\u00e9gimen de Personal de la Polic\u00eda Nacional.)<\/span><\/li>\n<li><span style=\"color: #808080;\">Compromiso de portar armas y, en su caso, llegar a utilizarlas, que se prestar\u00e1 a trav\u00e9s de declaraci\u00f3n del solicitante.<\/span><\/li>\n<li><span style=\"color: #808080;\">No haber sido condenado por delito doloso, ni separado del servicio del Estado, de la Administraci\u00f3n auton\u00f3mica, local o institucional, ni hallarse inhabilitado para el ejercicio de funciones p\u00fablicas.<\/span><\/li>\n<li><span style=\"color: #808080;\">Estar en posesi\u00f3n del permiso de conducir de la <span style=\"color: #ff9900;\">clase B<\/span>.<\/span><\/li>\n<\/ol>\n<p>[\/vc_column_text][\/vc_tta_section][vc_tta_section title=\u00bbPruebas\u00bb tab_id=\u00bb1610989282603-1d824084-edf3&#8243;][vc_column_text]<\/p>\n<p style=\"text-align: justify;\"><span style=\"color: #808080;\">Para el acceso al cuerpo nacional de polic\u00eda, se realizar\u00e1n diferentes <span style=\"color: #ff9900;\">PRUEBAS<\/span>, como son:<\/span><\/p>\n<ul>\n<li style=\"text-align: justify;\"><span style=\"color: #808080;\">Test escrito.<\/span><\/li>\n<li style=\"text-align: justify;\"><span style=\"color: #808080;\">Pruebas Psicot\u00e9cnicas.<\/span><\/li>\n<li style=\"text-align: justify;\"><span style=\"color: #808080;\">Pruebas f\u00edsicas.<\/span><\/li>\n<li style=\"text-align: justify;\"><span style=\"color: #808080;\">Pruebas de idiomas.<\/span><\/li>\n<li style=\"text-align: justify;\"><span style=\"color: #808080;\">Pruebas m\u00e9dicas<\/span><\/li>\n<li style=\"text-align: justify;\"><span style=\"color: #808080;\">Prueba de ortograf\u00eda<\/span><\/li>\n<\/ul>\n<p>[\/vc_column_text][\/vc_tta_section][vc_tta_section title=\u00bbHorarios y precios\u00bb tab_id=\u00bb1610989289473-7cf0303c-e67f\u00bb][vc_column_text]<span style=\"color: #ff9900;\"><strong><span style=\"color: #333333;\">Horario:<\/span> <\/strong><\/span>Todos los <strong>mi\u00e9rcoles<\/strong> de 16 a 20:30h<\/p>\n<p><strong><span style=\"color: #333333;\">Precio: 10<\/span>0\u20ac<\/strong>\/mes[\/vc_column_text][\/vc_tta_section][\/vc_tta_tabs][\/vc_column][\/vc_row][vc_row][vc_column css=\u00bb.vc_custom_1610989827074{margin-top: 3px !important;border-top-width: 3px !important;padding-top: 3px !important;}\u00bb][vc_single_image image=\u00bb1447&#8243; img_size=\u00bblarge\u00bb alignment=\u00bbcenter\u00bb][\/vc_column][\/vc_row]<\/p>\n","protected":false},"excerpt":{"rendered":"<p>[vc_row][vc_column][vc_tta_tabs color=\u00bborange\u00bb active_section=\u00bb1&#8243;][vc_tta_section title=\u00bbInformaci\u00f3n\u00bb tab_id=\u00bb1610989252369-877c2750-99c0&#8243;][vc_column_text]Dicha oposici\u00f3n es a nivel estatal, por lo que puedes tener como destino cualquier capital o municipio de\u00a0Espa\u00f1a donde existan Comisar\u00edas de la Polic\u00eda Nacional. En CESMAR, te ayudaremos a aprobar las oposiciones del\u00a0\u00a0Cuerpo Nacional Polic\u00eda, proporcion\u00e1ndote todos los medios disponibles y el mejor equipo de profesores para que obtengas tu [&hellip;]<\/p>\n","protected":false},"author":1,"featured_media":0,"parent":0,"menu_order":0,"comment_status":"closed","ping_status":"closed","template":"","meta":{"pmpro_default_level":0},"_links":{"self":[{"href":"https:\/\/academiacesmar.com\/en\/wp-json\/wp\/v2\/pages\/422"}],"collection":[{"href":"https:\/\/academiacesmar.com\/en\/wp-json\/wp\/v2\/pages"}],"about":[{"href":"https:\/\/academiacesmar.com\/en\/wp-json\/wp\/v2\/types\/page"}],"author":[{"embeddable":true,"href":"https:\/\/academiacesmar.com\/en\/wp-json\/wp\/v2\/users\/1"}],"replies":[{"embeddable":true,"href":"https:\/\/academiacesmar.com\/en\/wp-json\/wp\/v2\/comments?post=422"}],"version-history":[{"count":15,"href":"https:\/\/academiacesmar.com\/en\/wp-json\/wp\/v2\/pages\/422\/revisions"}],"predecessor-version":[{"id":1756,"href":"https:\/\/academiacesmar.com\/en\/wp-json\/wp\/v2\/pages\/422\/revisions\/1756"}],"wp:attachment":[{"href":"https:\/\/academiacesmar.com\/en\/wp-json\/wp\/v2\/media?parent=422"}],"curies":[{"name":"wp","href":"https:\/\/api.w.org\/{rel}","templated":true}]}}