{"id":420,"date":"2020-05-03T11:56:20","date_gmt":"2020-05-03T11:56:20","guid":{"rendered":"https:\/\/academiacesmar.com\/?page_id=420"},"modified":"2024-01-25T01:03:20","modified_gmt":"2024-01-24T23:03:20","slug":"policia-local","status":"publish","type":"page","link":"https:\/\/academiacesmar.com\/en\/policia-local\/","title":{"rendered":"Polic\u00eda Local"},"content":{"rendered":"<p>[vc_row][vc_column][vc_tta_tabs color=\u00bborange\u00bb active_section=\u00bb1&#8243;][vc_tta_section title=\u00bbInformaci\u00f3n\u00bb tab_id=\u00bb1610988879785-3d8f8226-c455&#8243;][vc_column_text]Se trata de una\u00a0<strong>oposici\u00f3n convocada por distintos Ayuntamientos,<\/strong>\u00a0por lo que tu destino ser\u00e1 en el municipio en el que apruebes. La preparaci\u00f3n de esta oposici\u00f3n permite al aspirante presentarse\u00a0<strong>con las mismas pruebas a cualquier municipio de Andaluc\u00eda.<\/strong><\/p>\n<p>En CESMAR, te ayudaremos a aprobar las oposiciones de Polic\u00eda Local, proporcion\u00e1ndote todos los medios disponibles y el mejor equipo de profesores para que obtengas tu plaza. Del mismo modo,<strong>\u00a0te mantendremos informado sobre las diferentes convocatorias, sus bases y plazo para las solicitudes.<\/strong><\/p>\n<p>En las bases de la convocatoria se establecen una serie de requisitos que los aspirantes han de reunir para poder acceder a dicha oposici\u00f3n a la fecha de finalizaci\u00f3n del plazo de presentaci\u00f3n de solicitudes.[\/vc_column_text][\/vc_tta_section][vc_tta_section title=\u00bbRequisitos\u00bb tab_id=\u00bb1610988879808-11579856-b39c\u00bb][vc_column_text]<span style=\"color: #ff9900;\"><strong><span class=\"elementor-heading-title elementor-size-default\">\u00bfQu\u00e9 requisitos necesitas cumplir para ingresar en el Cuerpo de la Polic\u00eda Local?<\/span><\/strong><\/span><\/p>\n<ol>\n<li><span style=\"color: #808080;\">Ser espa\u00f1ol.<\/span><\/li>\n<li><span style=\"color: #808080;\">Tener cumplida la mayor\u00eda de edad, siendo esta 18 a\u00f1os, y no haber cumplido la edad m\u00e1xima de jubilaci\u00f3n<\/span><\/li>\n<li><span style=\"color: #808080;\">Ser\u00e1 necesario estar en posesi\u00f3n de la siguiente\u00a0 titulaci\u00f3n acad\u00e9mica: <span style=\"color: #ff9900;\">t\u00edtulo de BACHILLER o equivalente<\/span>. (Seg\u00fan\u00a0Ley Org\u00e1nica 9\/2015, de 28 de julio, de R\u00e9gimen de Personal de la Polic\u00eda Nacional.)<\/span><\/li>\n<li><span style=\"color: #808080;\">Compromiso de portar armas y, en su caso, llegar a utilizarlas, que se prestar\u00e1 a trav\u00e9s de declaraci\u00f3n del solicitante.<\/span><\/li>\n<li><span style=\"color: #808080;\">No haber sido condenado por delito doloso, ni separado del servicio del Estado, de la Administraci\u00f3n auton\u00f3mica, local o institucional, ni hallarse inhabilitado para el ejercicio de funciones p\u00fablicas.<\/span><\/li>\n<li><span style=\"color: #808080;\">Estar en posesi\u00f3n del permiso de conducir de la clase <span style=\"color: #ff9900;\">A2<\/span> y <span style=\"color: #ff9900;\">B<\/span>.<\/span><\/li>\n<\/ol>\n<p>[\/vc_column_text][\/vc_tta_section][vc_tta_section title=\u00bbPruebas\u00bb tab_id=\u00bb1610989008797-eb91295a-0bce\u00bb][vc_column_text]<span style=\"color: #808080;\">Para el acceso a esta especialidad, se han de realizar varias <strong><span style=\"color: #ff9900;\">PRUEBAS<\/span>:<\/strong><\/span><\/p>\n<ul>\n<li><span style=\"color: #808080;\">Test escrito<\/span><\/li>\n<li><span style=\"color: #808080;\">Pruebas m\u00e9dicas<\/span><\/li>\n<li><span style=\"color: #808080;\">Pruebas f\u00edsicas<\/span><\/li>\n<li><span style=\"color: #808080;\">Pruebas Psicot\u00e9cnicas<\/span><\/li>\n<li>Supuestos pr\u00e1cticos<\/li>\n<li>Entrevista personal<\/li>\n<\/ul>\n<h4><\/h4>\n<h4><span style=\"color: #ff9900;\"><a style=\"color: #ff9900;\" href=\"https:\/\/academiacesmar.com\/wp-content\/uploads\/2015\/10\/plazas-de-polic\u00eda.pdf\">Ver bases BO<\/a>E<\/span>\u00a0(Bolet\u00edn Oficial del Estado)<\/h4>\n<p>[\/vc_column_text][\/vc_tta_section][vc_tta_section title=\u00bbHorarios y precios\u00bb tab_id=\u00bb1610989065052-f99c9847-dbd5&#8243;][vc_column_text]<strong>Disponibilidad de horarios:\u00a0<\/strong><\/p>\n<p>&#8211; Martes de 16:00 a 21:00h<\/p>\n<p>&#8211; Jueves de 16:00 a 21:00h<\/p>\n<p><strong>Precio: 100\u20ac\/<\/strong>mes[\/vc_column_text][\/vc_tta_section][\/vc_tta_tabs][vc_column_text]<img loading=\"lazy\" class=\"wp-image-1436 size-full aligncenter\" src=\"https:\/\/academiacesmar.com\/wp-content\/uploads\/2022\/11\/policia-local-cartel.jpg\" alt=\"\" width=\"940\" height=\"788\" \/>[\/vc_column_text][\/vc_column][\/vc_row]<\/p>\n","protected":false},"excerpt":{"rendered":"<p>[vc_row][vc_column][vc_tta_tabs color=\u00bborange\u00bb active_section=\u00bb1&#8243;][vc_tta_section title=\u00bbInformaci\u00f3n\u00bb tab_id=\u00bb1610988879785-3d8f8226-c455&#8243;][vc_column_text]Se trata de una\u00a0oposici\u00f3n convocada por distintos Ayuntamientos,\u00a0por lo que tu destino ser\u00e1 en el municipio en el que apruebes. La preparaci\u00f3n de esta oposici\u00f3n permite al aspirante presentarse\u00a0con las mismas pruebas a cualquier municipio de Andaluc\u00eda. En CESMAR, te ayudaremos a aprobar las oposiciones de Polic\u00eda Local, proporcion\u00e1ndote todos los [&hellip;]<\/p>\n","protected":false},"author":1,"featured_media":0,"parent":0,"menu_order":0,"comment_status":"closed","ping_status":"closed","template":"","meta":{"pmpro_default_level":0},"_links":{"self":[{"href":"https:\/\/academiacesmar.com\/en\/wp-json\/wp\/v2\/pages\/420"}],"collection":[{"href":"https:\/\/academiacesmar.com\/en\/wp-json\/wp\/v2\/pages"}],"about":[{"href":"https:\/\/academiacesmar.com\/en\/wp-json\/wp\/v2\/types\/page"}],"author":[{"embeddable":true,"href":"https:\/\/academiacesmar.com\/en\/wp-json\/wp\/v2\/users\/1"}],"replies":[{"embeddable":true,"href":"https:\/\/academiacesmar.com\/en\/wp-json\/wp\/v2\/comments?post=420"}],"version-history":[{"count":18,"href":"https:\/\/academiacesmar.com\/en\/wp-json\/wp\/v2\/pages\/420\/revisions"}],"predecessor-version":[{"id":5392,"href":"https:\/\/academiacesmar.com\/en\/wp-json\/wp\/v2\/pages\/420\/revisions\/5392"}],"wp:attachment":[{"href":"https:\/\/academiacesmar.com\/en\/wp-json\/wp\/v2\/media?parent=420"}],"curies":[{"name":"wp","href":"https:\/\/api.w.org\/{rel}","templated":true}]}}