{"id":418,"date":"2020-05-03T11:55:49","date_gmt":"2020-05-03T11:55:49","guid":{"rendered":"https:\/\/academiacesmar.com\/?page_id=418"},"modified":"2021-09-02T16:43:50","modified_gmt":"2021-09-02T16:43:50","slug":"guardia-civil","status":"publish","type":"page","link":"https:\/\/academiacesmar.com\/en\/guardia-civil\/","title":{"rendered":"Guardia Civil"},"content":{"rendered":"<p>[vc_row][vc_column][vc_tta_tabs color=\u00bborange\u00bb active_section=\u00bb1&#8243;][vc_tta_section title=\u00bbInformaci\u00f3n\u00bb tab_id=\u00bb1610990351744-16000f86-8c2f\u00bb][vc_column_text]<\/p>\n<p style=\"text-align: justify;\"><span style=\"color: #808080;\">Dicha oposici\u00f3n es a nivel estatal, por lo que puedes tener como destino cualquier capital o municipio de <strong>Espa\u00f1a<\/strong> donde existan <strong>Unidades de la Guardia Civil<\/strong>.<\/span><\/p>\n<p style=\"text-align: justify;\"><span style=\"color: #808080;\">En <strong>CESMAR<\/strong>, te ayudaremos a aprobar las oposiciones al cuerpo de la guardia civil, proporcion\u00e1ndote todos los medios disponibles y el mejor equipo de profesores para que obtengas tu plaza. Del mismo modo, te mantendremos informado sobre las diferentes convocatorias, sus bases y plazo para las solicitudes.<\/span><\/p>\n<p style=\"text-align: justify;\"><span style=\"color: #808080;\">En las <strong>bases de la convocatoria<\/strong> se establecen una serie de requisitos que los aspirantes han de reunir para poder acceder a dicha oposici\u00f3n a la fecha de finalizaci\u00f3n del plazo de presentaci\u00f3n de solicitudes.<\/span><\/p>\n<p>[\/vc_column_text][\/vc_tta_section][vc_tta_section title=\u00bbRequisitos\u00bb tab_id=\u00bb1610990351759-2204ec03-fd70&#8243;][vc_column_text]<\/p>\n<p style=\"text-align: justify;\"><span style=\"color: #ff9900;\"><strong><span class=\"elementor-heading-title elementor-size-default\">\u00bfQu\u00e9 requisitos necesitas cumplir para ingresar en el Cuerpo de la Guardia Civil?<\/span><\/strong><\/span><\/p>\n<ol style=\"text-align: justify;\">\n<li><span style=\"color: #808080;\">Estar en posesi\u00f3n de la nacionalidad espa\u00f1ola.<\/span><\/li>\n<li><span style=\"color: #808080;\">No estar privado de derechos civiles.<\/span><\/li>\n<li><span style=\"color: #808080;\">Acreditar buena conducta ciudadana, conforme a lo establecido en la Ley 68\/1980, de 1 de diciembre, sobre expedici\u00f3n de certificaciones e informes sobre conducta ciudadana.<\/span><\/li>\n<li><span style=\"color: #808080;\">Carecer de antecedentes penales.<\/span><\/li>\n<li><span style=\"color: #808080;\">No estar separado, ni inhabilitado del servicio de las Administraciones p\u00fablicas.<\/span><\/li>\n<li><span style=\"color: #808080;\">Tener cumplidos 18 a\u00f1os de edad y no haber cumplido ni cumplir los cuarenta dentro del a\u00f1o.<\/span><\/li>\n<li><span style=\"color: #808080;\">Poseer la aptitud psicof\u00edsica necesaria.<\/span><\/li>\n<li><span style=\"color: #808080;\">Estar en posesi\u00f3n o en condiciones de obtener el t\u00edtulo de Graduado en Educaci\u00f3n Secundaria o de otro equivalente o superior, o en su caso, de acreditar la prueba de acceso que recoge el art\u00edculo 41 de la Ley Org\u00e1nica 2\/2006, de 3 de mayo, de Educaci\u00f3n.<\/span><\/li>\n<li><span style=\"color: #808080;\">Estar en posesi\u00f3n del permiso de conducci\u00f3n de la clase B, o en condiciones de obtenerlo en el plazo de presentaci\u00f3n de solicitudes.<\/span><\/li>\n<\/ol>\n<p>[\/vc_column_text][\/vc_tta_section][vc_tta_section title=\u00bbPruebas\u00bb tab_id=\u00bb1610990410534-333f5b8e-613b\u00bb][vc_column_text]<\/p>\n<p style=\"text-align: justify;\"><span style=\"color: #808080;\">Para el acceso al cuerpo de la guardia civil, se realizar\u00e1n diferentes <span style=\"color: #ff9900;\"><strong>PRUEBAS<\/strong><\/span>, como son:<\/span><\/p>\n<ol style=\"text-align: justify;\">\n<li><span style=\"color: #808080;\">Ortograf\u00eda.<\/span><\/li>\n<li><span style=\"color: #808080;\">Conocimientos.<\/span><\/li>\n<li><span style=\"color: #808080;\">Lengua extranjera.<\/span><\/li>\n<li><span style=\"color: #808080;\">Psicot\u00e9cnica.<\/span><\/li>\n<li><span style=\"color: #808080;\">Aptitud psicof\u00edsica, que a su vez se dividir\u00e1 en:<\/span><\/li>\n<\/ol>\n<p style=\"text-align: justify;\"><span style=\"color: #808080;\">\u2013 Prueba de aptitud f\u00edsica<\/span><\/p>\n<p style=\"text-align: justify;\"><span style=\"color: #808080;\">\u2013 Entrevista personal<\/span><\/p>\n<p style=\"text-align: justify;\"><span style=\"color: #808080;\">\u2013 Reconocimiento m\u00e9dico<\/span><\/p>\n<p>[\/vc_column_text][\/vc_tta_section][vc_tta_section title=\u00bbHorarios y precios\u00bb tab_id=\u00bb1610990416913-0ea4efc6-c476&#8243;][vc_column_text]<strong>Horario:<\/strong> Jueves de 16:00 a 20:30h<\/p>\n<p><strong>Precio: 100\u20ac\/<\/strong>mes[\/vc_column_text][\/vc_tta_section][\/vc_tta_tabs][vc_single_image image=\u00bb1539&#8243; img_size=\u00bblarge\u00bb alignment=\u00bbcenter\u00bb][\/vc_column][\/vc_row]<\/p>\n","protected":false},"excerpt":{"rendered":"<p>[vc_row][vc_column][vc_tta_tabs color=\u00bborange\u00bb active_section=\u00bb1&#8243;][vc_tta_section title=\u00bbInformaci\u00f3n\u00bb tab_id=\u00bb1610990351744-16000f86-8c2f\u00bb][vc_column_text] Dicha oposici\u00f3n es a nivel estatal, por lo que puedes tener como destino cualquier capital o municipio de Espa\u00f1a donde existan Unidades de la Guardia Civil. En CESMAR, te ayudaremos a aprobar las oposiciones al cuerpo de la guardia civil, proporcion\u00e1ndote todos los medios disponibles y el mejor equipo de [&hellip;]<\/p>\n","protected":false},"author":1,"featured_media":0,"parent":0,"menu_order":0,"comment_status":"closed","ping_status":"closed","template":"","meta":{"pmpro_default_level":0},"_links":{"self":[{"href":"https:\/\/academiacesmar.com\/en\/wp-json\/wp\/v2\/pages\/418"}],"collection":[{"href":"https:\/\/academiacesmar.com\/en\/wp-json\/wp\/v2\/pages"}],"about":[{"href":"https:\/\/academiacesmar.com\/en\/wp-json\/wp\/v2\/types\/page"}],"author":[{"embeddable":true,"href":"https:\/\/academiacesmar.com\/en\/wp-json\/wp\/v2\/users\/1"}],"replies":[{"embeddable":true,"href":"https:\/\/academiacesmar.com\/en\/wp-json\/wp\/v2\/comments?post=418"}],"version-history":[{"count":10,"href":"https:\/\/academiacesmar.com\/en\/wp-json\/wp\/v2\/pages\/418\/revisions"}],"predecessor-version":[{"id":1750,"href":"https:\/\/academiacesmar.com\/en\/wp-json\/wp\/v2\/pages\/418\/revisions\/1750"}],"wp:attachment":[{"href":"https:\/\/academiacesmar.com\/en\/wp-json\/wp\/v2\/media?parent=418"}],"curies":[{"name":"wp","href":"https:\/\/api.w.org\/{rel}","templated":true}]}}