{"id":385,"date":"2020-04-30T10:26:03","date_gmt":"2020-04-30T10:26:03","guid":{"rendered":"https:\/\/academiacesmar.com\/?page_id=385"},"modified":"2021-01-25T16:41:04","modified_gmt":"2021-01-25T16:41:04","slug":"capitan-de-yate","status":"publish","type":"page","link":"https:\/\/academiacesmar.com\/en\/nautica\/capitan-de-yate\/","title":{"rendered":"Capit\u00e1n de Yate"},"content":{"rendered":"<p>[vc_row][vc_column][vc_tta_tabs color=\u00bborange\u00bb active_section=\u00bb1&#8243;][vc_tta_section title=\u00bbInformaci\u00f3n\u00bb tab_id=\u00bb1611518151373-72baac6b-28f0&#8243;][vc_column_text]<\/p>\n<p style=\"text-align: justify;\"><span style=\"color: #808080;\">El t\u00edtulo de Capit\u00e1n de Yate le habilita para el gobierno de todo tipo de embarcaciones de recreo<\/span>\u00a0<span style=\"color: #ff9900;\">sin limitaci\u00f3n de eslora<\/span>, <span style=\"color: #808080;\">aunque hay que tener en cuenta que se consideran embarcaciones de recreo aquellas que no sobrepasan los 24 metros de eslora.<\/span><\/p>\n<p style=\"text-align: justify;\"><span style=\"color: #808080;\">Este t\u00edtulo habilita para la navegaci\u00f3n\u00a0<\/span><span style=\"color: #ff9900;\">sin l\u00edmite de distancia<\/span>\u00a0<span style=\"color: #808080;\">m\u00e1xima a la costa y permite la navegaci\u00f3n diurna y nocturna. Adem\u00e1s, estando en posesi\u00f3n del t\u00edtulo de Capit\u00e1n de Yate podr\u00e1s gobernar cualquier tipo de\u00a0<\/span><span style=\"color: #ff9900;\">moto n\u00e1utica.<\/span><\/p>\n<p>[\/vc_column_text][\/vc_tta_section][vc_tta_section title=\u00bbRequisitos\u00bb tab_id=\u00bb1611518151390-381e7ed8-c95d\u00bb][vc_column_text]<\/p>\n<p style=\"text-align: justify;\"><span style=\"color: #808080;\">Para obtener el t\u00edtulo de Capit\u00e1n de Yate es necesario cumplir los siguientes<\/span><strong><span style=\"color: #ff9900;\"> requisitos<\/span><\/strong>:<\/p>\n<ul>\n<li style=\"text-align: justify;\"><span style=\"color: #808080;\">\u2022 Estar en posesi\u00f3n del t\u00edtulo de Patr\u00f3n de Yate.<\/span><\/li>\n<li style=\"text-align: justify;\"><span style=\"color: #808080;\">\u2022 Aprobar los ex\u00e1menes te\u00f3ricos de Capit\u00e1n de Yate.<\/span><\/li>\n<li style=\"text-align: justify;\"><span style=\"color: #808080;\">\u2022 Realizar las pr\u00e1cticas b\u00e1sicas de seguridad y navegaci\u00f3n de Capit\u00e1n de Yate.<\/span><\/li>\n<\/ul>\n<p>[\/vc_column_text][\/vc_tta_section][vc_tta_section title=\u00bbHorarios\u00bb tab_id=\u00bb1611518180094-c1ca1478-6e19&#8243;][\/vc_tta_section][\/vc_tta_tabs][vc_single_image image=\u00bb1608&#8243; img_size=\u00bblarge\u00bb alignment=\u00bbcenter\u00bb css=\u00bb.vc_custom_1611518307947{margin-top: 4px !important;border-top-width: 4px !important;padding-top: 4px !important;}\u00bb][\/vc_column][\/vc_row]<\/p>\n","protected":false},"excerpt":{"rendered":"<p>[vc_row][vc_column][vc_tta_tabs color=\u00bborange\u00bb active_section=\u00bb1&#8243;][vc_tta_section title=\u00bbInformaci\u00f3n\u00bb tab_id=\u00bb1611518151373-72baac6b-28f0&#8243;][vc_column_text] El t\u00edtulo de Capit\u00e1n de Yate le habilita para el gobierno de todo tipo de embarcaciones de recreo\u00a0sin limitaci\u00f3n de eslora, aunque hay que tener en cuenta que se consideran embarcaciones de recreo aquellas que no sobrepasan los 24 metros de eslora. Este t\u00edtulo habilita para la navegaci\u00f3n\u00a0sin l\u00edmite de [&hellip;]<\/p>\n","protected":false},"author":1,"featured_media":0,"parent":379,"menu_order":0,"comment_status":"closed","ping_status":"closed","template":"","meta":{"pmpro_default_level":0},"_links":{"self":[{"href":"https:\/\/academiacesmar.com\/en\/wp-json\/wp\/v2\/pages\/385"}],"collection":[{"href":"https:\/\/academiacesmar.com\/en\/wp-json\/wp\/v2\/pages"}],"about":[{"href":"https:\/\/academiacesmar.com\/en\/wp-json\/wp\/v2\/types\/page"}],"author":[{"embeddable":true,"href":"https:\/\/academiacesmar.com\/en\/wp-json\/wp\/v2\/users\/1"}],"replies":[{"embeddable":true,"href":"https:\/\/academiacesmar.com\/en\/wp-json\/wp\/v2\/comments?post=385"}],"version-history":[{"count":6,"href":"https:\/\/academiacesmar.com\/en\/wp-json\/wp\/v2\/pages\/385\/revisions"}],"predecessor-version":[{"id":1619,"href":"https:\/\/academiacesmar.com\/en\/wp-json\/wp\/v2\/pages\/385\/revisions\/1619"}],"up":[{"embeddable":true,"href":"https:\/\/academiacesmar.com\/en\/wp-json\/wp\/v2\/pages\/379"}],"wp:attachment":[{"href":"https:\/\/academiacesmar.com\/en\/wp-json\/wp\/v2\/media?parent=385"}],"curies":[{"name":"wp","href":"https:\/\/api.w.org\/{rel}","templated":true}]}}