{"id":383,"date":"2020-04-30T10:25:35","date_gmt":"2020-04-30T10:25:35","guid":{"rendered":"https:\/\/academiacesmar.com\/?page_id=383"},"modified":"2021-09-02T16:49:46","modified_gmt":"2021-09-02T16:49:46","slug":"patron-de-yate","status":"publish","type":"page","link":"https:\/\/academiacesmar.com\/en\/nautica\/patron-de-yate\/","title":{"rendered":"Patr\u00f3n de Yate"},"content":{"rendered":"<p>[vc_row][vc_column][vc_tta_tabs color=\u00bborange\u00bb active_section=\u00bb1&#8243;][vc_tta_section title=\u00bbInformaci\u00f3n\u00bb tab_id=\u00bb1611518529245-a8be8045-c418&#8243;][vc_column_text]<\/p>\n<p style=\"text-align: justify;\"><span style=\"color: #808080;\">El t\u00edtulo n\u00e1utico de Patr\u00f3n de Yate habilita para el gobierno de embarcaciones de recreo de <span style=\"color: #ff9900;\">hasta 24 metros de eslora<\/span> y para la navegaci\u00f3n comprendida entre la costa y la l\u00ednea paralela a esta a<span style=\"color: #ff9900;\"> una distancia m\u00e1xima de 150 millas.<\/span><\/span><\/p>\n<p style=\"text-align: justify;\"><span style=\"color: #808080;\">Esta titulaci\u00f3n n\u00e1utica permite la navegaci\u00f3n diurna y nocturna. Adem\u00e1s, estando en posesi\u00f3n del t\u00edtulo de Patr\u00f3n de Yate podr\u00e1s gobernar cualquier tipo de moto n\u00e1utica.<\/span><\/p>\n<p>[\/vc_column_text][\/vc_tta_section][vc_tta_section title=\u00bbRequisitos\u00bb tab_id=\u00bb1611518529259-7d2434b9-2a82&#8243;][vc_column_text]<\/p>\n<p style=\"text-align: justify;\"><span style=\"color: #808080;\">Para obtener esta titulaci\u00f3n n\u00e1utica es necesario estar en posesi\u00f3n del t\u00edtulo de Patr\u00f3n de Embarcaciones de Recreo. Adem\u00e1s hay que cumplir los siguientes <strong><span style=\"color: #ff9900;\">requisitos<\/span><\/strong>:<\/span><\/p>\n<ul>\n<li style=\"text-align: justify;\"><span style=\"color: #808080;\">\u2022 Aprobar los ex\u00e1menes te\u00f3ricos correspondientes<\/span><\/li>\n<li style=\"text-align: justify;\"><span style=\"color: #808080;\">\u2022 Realizar 24 horas pr\u00e1cticas b\u00e1sicas de seguridad y navegaci\u00f3n.<\/span><\/li>\n<\/ul>\n<p>[\/vc_column_text][\/vc_tta_section][vc_tta_section title=\u00bbHorarios\u00bb tab_id=\u00bb1611593044516-8d9c25ba-ef9b\u00bb][vc_column_text]<strong>Horario:<\/strong> martes y jueves de 18:30 a 20:30h.[\/vc_column_text][\/vc_tta_section][\/vc_tta_tabs][vc_single_image image=\u00bb1613&#8243; img_size=\u00bblarge\u00bb alignment=\u00bbcenter\u00bb css=\u00bb.vc_custom_1611518623030{margin-top: 4px !important;border-top-width: 4px !important;padding-top: 4px !important;}\u00bb][\/vc_column][\/vc_row]<\/p>\n","protected":false},"excerpt":{"rendered":"<p>[vc_row][vc_column][vc_tta_tabs color=\u00bborange\u00bb active_section=\u00bb1&#8243;][vc_tta_section title=\u00bbInformaci\u00f3n\u00bb tab_id=\u00bb1611518529245-a8be8045-c418&#8243;][vc_column_text] El t\u00edtulo n\u00e1utico de Patr\u00f3n de Yate habilita para el gobierno de embarcaciones de recreo de hasta 24 metros de eslora y para la navegaci\u00f3n comprendida entre la costa y la l\u00ednea paralela a esta a una distancia m\u00e1xima de 150 millas. Esta titulaci\u00f3n n\u00e1utica permite la navegaci\u00f3n diurna y [&hellip;]<\/p>\n","protected":false},"author":1,"featured_media":0,"parent":379,"menu_order":0,"comment_status":"closed","ping_status":"closed","template":"","meta":{"pmpro_default_level":0},"_links":{"self":[{"href":"https:\/\/academiacesmar.com\/en\/wp-json\/wp\/v2\/pages\/383"}],"collection":[{"href":"https:\/\/academiacesmar.com\/en\/wp-json\/wp\/v2\/pages"}],"about":[{"href":"https:\/\/academiacesmar.com\/en\/wp-json\/wp\/v2\/types\/page"}],"author":[{"embeddable":true,"href":"https:\/\/academiacesmar.com\/en\/wp-json\/wp\/v2\/users\/1"}],"replies":[{"embeddable":true,"href":"https:\/\/academiacesmar.com\/en\/wp-json\/wp\/v2\/comments?post=383"}],"version-history":[{"count":7,"href":"https:\/\/academiacesmar.com\/en\/wp-json\/wp\/v2\/pages\/383\/revisions"}],"predecessor-version":[{"id":1754,"href":"https:\/\/academiacesmar.com\/en\/wp-json\/wp\/v2\/pages\/383\/revisions\/1754"}],"up":[{"embeddable":true,"href":"https:\/\/academiacesmar.com\/en\/wp-json\/wp\/v2\/pages\/379"}],"wp:attachment":[{"href":"https:\/\/academiacesmar.com\/en\/wp-json\/wp\/v2\/media?parent=383"}],"curies":[{"name":"wp","href":"https:\/\/api.w.org\/{rel}","templated":true}]}}