{"id":381,"date":"2020-04-30T10:25:09","date_gmt":"2020-04-30T10:25:09","guid":{"rendered":"https:\/\/academiacesmar.com\/?page_id=381"},"modified":"2021-09-02T16:47:56","modified_gmt":"2021-09-02T16:47:56","slug":"patron-de-embarcaciones-de-recreo","status":"publish","type":"page","link":"https:\/\/academiacesmar.com\/en\/nautica\/patron-de-embarcaciones-de-recreo\/","title":{"rendered":"Patr\u00f3n de Embarcaciones de Recreo (PER)"},"content":{"rendered":"<p>[vc_row][vc_column][vc_tta_tabs color=\u00bborange\u00bb active_section=\u00bb1&#8243;][vc_tta_section title=\u00bbInformaci\u00f3n\u00bb tab_id=\u00bb1611517740895-2d8670c1-593a\u00bb][vc_column_text]<span style=\"color: #808080;\">El t\u00edtulo de <strong>Patr\u00f3n de Embarcaciones de Recreo <span style=\"color: #ff9900;\">(P.E.R)<\/span><\/strong> te habilita para el gobierno de embarcaciones de recreo de<span style=\"color: #ff9900;\"> hasta 15 metros\u00a0de eslora y para la navegaci\u00f3n costera a una distancia m\u00e1xima de la costa de\u00a012 millas,<\/span> as\u00ed como para la navegaci\u00f3n entre las islas de los archipi\u00e9lagos balear y canario.<\/span>[\/vc_column_text][\/vc_tta_section][vc_tta_section title=\u00bbRequisitos\u00bb tab_id=\u00bb1611517740913-d8445204-c224&#8243;][vc_column_text]<\/p>\n<p style=\"text-align: justify;\"><span style=\"color: #808080;\">Para obtener esta titulaci\u00f3n n\u00e1utica no es necesario poseer ninguna titulaci\u00f3n previa. Hay que ser mayor de 18 a\u00f1os y superar un reconocimiento m\u00e9dico. Adem\u00e1s hay que cumplir los siguientes <strong><span style=\"color: #ff9900;\">requisitos<\/span><\/strong>:<\/span><\/p>\n<ul>\n<li style=\"text-align: justify;\"><span style=\"color: #808080;\">\u2022 Aprobar el examen te\u00f3rico correspondiente.<\/span><\/li>\n<li style=\"text-align: justify;\"><span style=\"color: #808080;\">\u2022 Realizar 16 horas pr\u00e1cticas b\u00e1sicas de seguridad y navegaci\u00f3n.<\/span><\/li>\n<li style=\"text-align: justify;\"><span style=\"color: #808080;\">\u2022 Realizar un curso pr\u00e1ctico de radio operador de corto alcance de 16 horas.<\/span><\/li>\n<\/ul>\n<p>[\/vc_column_text][\/vc_tta_section][vc_tta_section title=\u00bbHorarios\u00bb tab_id=\u00bb1611517863211-f8e3668a-d2ba\u00bb][vc_column_text]<strong>Horario:<\/strong> martes y jueves de 20:30 a 22:30h.[\/vc_column_text][\/vc_tta_section][\/vc_tta_tabs][vc_column_text]<\/p>\n<p><img loading=\"lazy\" class=\"aligncenter wp-image-1599 size-large\" src=\"https:\/\/academiacesmar.com\/wp-content\/uploads\/2021\/01\/curso-patron-de-embarcaciones-per-marbella-1024x768.jpg\" alt=\"\" width=\"1024\" height=\"768\" srcset=\"https:\/\/academiacesmar.com\/wp-content\/uploads\/2021\/01\/curso-patron-de-embarcaciones-per-marbella-1024x768.jpg 1024w, https:\/\/academiacesmar.com\/wp-content\/uploads\/2021\/01\/curso-patron-de-embarcaciones-per-marbella-300x225.jpg 300w, https:\/\/academiacesmar.com\/wp-content\/uploads\/2021\/01\/curso-patron-de-embarcaciones-per-marbella-768x576.jpg 768w, https:\/\/academiacesmar.com\/wp-content\/uploads\/2021\/01\/curso-patron-de-embarcaciones-per-marbella-100x75.jpg 100w, https:\/\/academiacesmar.com\/wp-content\/uploads\/2021\/01\/curso-patron-de-embarcaciones-per-marbella-600x450.jpg 600w, https:\/\/academiacesmar.com\/wp-content\/uploads\/2021\/01\/curso-patron-de-embarcaciones-per-marbella.jpg 1280w\" sizes=\"(max-width: 1024px) 100vw, 1024px\" \/>[\/vc_column_text][\/vc_column][\/vc_row]<\/p>\n","protected":false},"excerpt":{"rendered":"<p>[vc_row][vc_column][vc_tta_tabs color=\u00bborange\u00bb active_section=\u00bb1&#8243;][vc_tta_section title=\u00bbInformaci\u00f3n\u00bb tab_id=\u00bb1611517740895-2d8670c1-593a\u00bb][vc_column_text]El t\u00edtulo de Patr\u00f3n de Embarcaciones de Recreo (P.E.R) te habilita para el gobierno de embarcaciones de recreo de hasta 15 metros\u00a0de eslora y para la navegaci\u00f3n costera a una distancia m\u00e1xima de la costa de\u00a012 millas, as\u00ed como para la navegaci\u00f3n entre las islas de los archipi\u00e9lagos balear y canario.[\/vc_column_text][\/vc_tta_section][vc_tta_section [&hellip;]<\/p>\n","protected":false},"author":1,"featured_media":0,"parent":379,"menu_order":0,"comment_status":"closed","ping_status":"closed","template":"","meta":{"pmpro_default_level":0},"_links":{"self":[{"href":"https:\/\/academiacesmar.com\/en\/wp-json\/wp\/v2\/pages\/381"}],"collection":[{"href":"https:\/\/academiacesmar.com\/en\/wp-json\/wp\/v2\/pages"}],"about":[{"href":"https:\/\/academiacesmar.com\/en\/wp-json\/wp\/v2\/types\/page"}],"author":[{"embeddable":true,"href":"https:\/\/academiacesmar.com\/en\/wp-json\/wp\/v2\/users\/1"}],"replies":[{"embeddable":true,"href":"https:\/\/academiacesmar.com\/en\/wp-json\/wp\/v2\/comments?post=381"}],"version-history":[{"count":11,"href":"https:\/\/academiacesmar.com\/en\/wp-json\/wp\/v2\/pages\/381\/revisions"}],"predecessor-version":[{"id":1752,"href":"https:\/\/academiacesmar.com\/en\/wp-json\/wp\/v2\/pages\/381\/revisions\/1752"}],"up":[{"embeddable":true,"href":"https:\/\/academiacesmar.com\/en\/wp-json\/wp\/v2\/pages\/379"}],"wp:attachment":[{"href":"https:\/\/academiacesmar.com\/en\/wp-json\/wp\/v2\/media?parent=381"}],"curies":[{"name":"wp","href":"https:\/\/api.w.org\/{rel}","templated":true}]}}