{"id":379,"date":"2020-04-30T10:24:43","date_gmt":"2020-04-30T10:24:43","guid":{"rendered":"https:\/\/academiacesmar.com\/?page_id=379"},"modified":"2023-04-05T18:53:34","modified_gmt":"2023-04-05T16:53:34","slug":"nautica","status":"publish","type":"page","link":"https:\/\/academiacesmar.com\/en\/nautica\/","title":{"rendered":"Na\u00fatica"},"content":{"rendered":"<p>[vc_row][vc_column][vc_tta_tabs color=\u00bborange\u00bb active_section=\u00bb1&#8243;][vc_tta_section title=\u00bbInformaci\u00f3n\u00bb tab_id=\u00bb1608719247245-7141d912-bf12&#8243;][vc_column_text]<\/p>\n<p style=\"text-align: justify;\"><span style=\"color: #808080;\">Somos una <strong>escuela na\u00fatica<\/strong> que cuenta con una <strong>gran experiencia<\/strong> y <strong>profesionales altamente cualificados<\/strong> para impartir los cursos te\u00f3ricos para las diferentes titulaciones de n\u00e1utica deportiva.<\/span><\/p>\n<ul>\n<li style=\"text-align: justify;\"><strong><span style=\"color: #ff9900;\"><a style=\"color: #ff9900;\" href=\"https:\/\/academiacesmar.com\/patron-de-embarcaciones-de-recreo\/\" target=\"_blank\" rel=\"noopener noreferrer\">\u2022 PATR\u00d3N DE EMBARCACIONES DE RECREO (PER)<\/a><\/span><\/strong><\/li>\n<li style=\"text-align: justify;\"><strong><span style=\"color: #ff9900;\"><a style=\"color: #ff9900;\" href=\"https:\/\/academiacesmar.com\/patron-de-yate\/\" target=\"_blank\" rel=\"noopener noreferrer\">\u2022 PATR\u00d3N DE YATE<\/a><\/span><\/strong><\/li>\n<li style=\"text-align: justify;\"><strong><span style=\"color: #ff9900;\"><a style=\"color: #ff9900;\" href=\"https:\/\/academiacesmar.com\/capitan-de-yate\/\" target=\"_blank\" rel=\"noopener noreferrer\">\u2022 CAPIT\u00c1N DE YATE<\/a><\/span><\/strong><\/li>\n<li style=\"text-align: justify;\"><span style=\"color: #808080;\">\u2022 LICENCIA DE NAVEGACI\u00d3N<\/span><\/li>\n<li style=\"text-align: justify;\"><span style=\"color: #808080;\">\u2022 PNB<\/span><\/li>\n<li style=\"text-align: justify;\"><span style=\"color: #808080;\">\u2022 AMPLIACI\u00d3N DE PER<\/span><\/li>\n<\/ul>\n<h4 style=\"text-align: center;\"><span style=\"color: #808080;\">Si te gusta navegar y quieres conseguir una de estas titulaciones, ap\u00fantate a unos de los cursos y obtenerla f\u00e1cilmente. Contamos con un <strong>99% de alumnos aprobados<\/strong> en el examen te\u00f3rico. <\/span>\u00a1Ll\u00e1manos para m\u00e1s info!<\/h4>\n<h2 style=\"text-align: center;\">+34 689 21 72 56<\/h2>\n<h4 style=\"text-align: center;\"><\/h4>\n<p>[\/vc_column_text][vc_single_image image=\u00bb5184&#8243; img_size=\u00bblarge\u00bb alignment=\u00bbcenter\u00bb css=\u00bb.vc_custom_1680713531825{margin-top: 8px !important;border-top-width: 8px !important;padding-top: 8px !important;}\u00bb][\/vc_tta_section][vc_tta_section title=\u00bbHorarios\u00bb tab_id=\u00bb1608719247262-bdb9b9a8-c0c5&#8243;][vc_column_text]<strong>Patr\u00f3n de Embarcaciones de Recreo (PER):<\/strong> martes y jueves de 20:30 a 22:30h.<\/p>\n<p><strong>Patr\u00f3n de Yate: <\/strong>martes y jueves de 18:30 a 20:30h.[\/vc_column_text][\/vc_tta_section][\/vc_tta_tabs][\/vc_column][\/vc_row]<\/p>\n","protected":false},"excerpt":{"rendered":"<p>[vc_row][vc_column][vc_tta_tabs color=\u00bborange\u00bb active_section=\u00bb1&#8243;][vc_tta_section title=\u00bbInformaci\u00f3n\u00bb tab_id=\u00bb1608719247245-7141d912-bf12&#8243;][vc_column_text] Somos una escuela na\u00fatica que cuenta con una gran experiencia y profesionales altamente cualificados para impartir los cursos te\u00f3ricos para las diferentes titulaciones de n\u00e1utica deportiva. \u2022 PATR\u00d3N DE EMBARCACIONES DE RECREO (PER) \u2022 PATR\u00d3N DE YATE \u2022 CAPIT\u00c1N DE YATE \u2022 LICENCIA DE NAVEGACI\u00d3N \u2022 PNB \u2022 AMPLIACI\u00d3N DE [&hellip;]<\/p>\n","protected":false},"author":1,"featured_media":0,"parent":0,"menu_order":0,"comment_status":"closed","ping_status":"closed","template":"","meta":{"pmpro_default_level":0},"_links":{"self":[{"href":"https:\/\/academiacesmar.com\/en\/wp-json\/wp\/v2\/pages\/379"}],"collection":[{"href":"https:\/\/academiacesmar.com\/en\/wp-json\/wp\/v2\/pages"}],"about":[{"href":"https:\/\/academiacesmar.com\/en\/wp-json\/wp\/v2\/types\/page"}],"author":[{"embeddable":true,"href":"https:\/\/academiacesmar.com\/en\/wp-json\/wp\/v2\/users\/1"}],"replies":[{"embeddable":true,"href":"https:\/\/academiacesmar.com\/en\/wp-json\/wp\/v2\/comments?post=379"}],"version-history":[{"count":42,"href":"https:\/\/academiacesmar.com\/en\/wp-json\/wp\/v2\/pages\/379\/revisions"}],"predecessor-version":[{"id":5185,"href":"https:\/\/academiacesmar.com\/en\/wp-json\/wp\/v2\/pages\/379\/revisions\/5185"}],"wp:attachment":[{"href":"https:\/\/academiacesmar.com\/en\/wp-json\/wp\/v2\/media?parent=379"}],"curies":[{"name":"wp","href":"https:\/\/api.w.org\/{rel}","templated":true}]}}