{"id":377,"date":"2020-04-30T10:23:12","date_gmt":"2020-04-30T10:23:12","guid":{"rendered":"https:\/\/academiacesmar.com\/?page_id=377"},"modified":"2021-01-30T18:22:31","modified_gmt":"2021-01-30T18:22:31","slug":"examenes-cambridge","status":"publish","type":"page","link":"https:\/\/academiacesmar.com\/en\/examenes-cambridge\/","title":{"rendered":"Ex\u00e1menes cambridge"},"content":{"rendered":"<p>[vc_row][vc_column][vc_column_text]<span style=\"color: #808080;\">Las <span style=\"color: #ff9900;\"><strong>Titulaciones Cambridge English<\/strong><\/span> est\u00e1n reconocidas mundialmente por miles de empresas, universidades y organizaciones:<\/span><\/p>\n<p><span style=\"color: #808080;\"><img loading=\"lazy\" class=\"wp-image-643 aligncenter\" src=\"https:\/\/academiacesmar.com\/wp-content\/uploads\/2020\/05\/cefr.png\" alt=\"\" width=\"600\" height=\"504\" srcset=\"https:\/\/academiacesmar.com\/wp-content\/uploads\/2020\/05\/cefr.png 709w, https:\/\/academiacesmar.com\/wp-content\/uploads\/2020\/05\/cefr-300x252.png 300w, https:\/\/academiacesmar.com\/wp-content\/uploads\/2020\/05\/cefr-100x84.png 100w, https:\/\/academiacesmar.com\/wp-content\/uploads\/2020\/05\/cefr-600x504.png 600w\" sizes=\"(max-width: 600px) 100vw, 600px\" \/><\/span><\/p>\n<ul>\n<li style=\"text-align: justify;\"><span style=\"color: #808080;\">\u2022 M\u00e1s de 5.5 millones de personas realizan las pruebas cada a\u00f1o. <\/span><\/li>\n<li style=\"text-align: justify;\"><span style=\"color: #808080;\">\u2022 \u00a1<strong>Los certificados<\/strong> Cambridge English <strong>NO CADUCAN<\/strong>!<\/span><\/li>\n<li style=\"text-align: justify;\"><span style=\"color: #808080;\">\u2022 Eval\u00faan conocimiento de gram\u00e1tica y vocabulario y tienen un enfoque acad\u00e9mico.<\/span><\/li>\n<li><span style=\"color: #808080;\">\u2022 Consisten de 4 partes: reading + use of english, writing, listening and speaking.<\/span><\/li>\n<\/ul>\n<p>&nbsp;<\/p>\n<p><span style=\"color: #808080;\">En CESMAR ofrecemos la preparaci\u00f3n de la gama m\u00e1s importante de los <strong>ex\u00e1menes Cambridge de ingl\u00e9s<\/strong>:<\/span><\/p>\n<ul>\n<li><span style=\"color: #ff9900;\"><a style=\"color: #ff9900;\" href=\"https:\/\/www.cambridgeenglish.org\/es\/exams-and-tests\/young-learners-english\/starters\/\">\u2022 YLE Starters<\/a><\/span><\/li>\n<li><span style=\"color: #ff9900;\"><a style=\"color: #ff9900;\" href=\"https:\/\/www.cambridgeenglish.org\/es\/exams-and-tests\/young-learners-english\/movers\/\" target=\"_blank\" rel=\"noopener noreferrer\">\u2022 YLE Movers <\/a><\/span><\/li>\n<li><span style=\"color: #ff9900;\"><a style=\"color: #ff9900;\" href=\"https:\/\/www.cambridgeenglish.org\/es\/exams-and-tests\/young-learners-english\/flyers\/\" target=\"_blank\" rel=\"noopener noreferrer\">\u2022 YLE Flyers<\/a><\/span><\/li>\n<li><span style=\"color: #ff9900;\"><a style=\"color: #ff9900;\" href=\"http:\/\/www.cambridgeenglish.org\/es\/exams-and-qualifications\/key\/\" target=\"_blank\" rel=\"noopener noreferrer\">\u2022 KET \u2013 A2<\/a><\/span><\/li>\n<li><span style=\"color: #ff9900;\"><a style=\"color: #ff9900;\" href=\"http:\/\/www.cambridgeenglish.org\/es\/exams-and-qualifications\/preliminary\/\" target=\"_blank\" rel=\"noopener noreferrer\">\u2022 PET \u2013 B1<\/a><\/span><\/li>\n<li><span style=\"color: #ff9900;\"><a style=\"color: #ff9900;\" href=\"http:\/\/www.cambridgeenglish.org\/es\/exams\/first\/\" target=\"_blank\" rel=\"noopener noreferrer\">\u2022 FCE \u2013 B2<\/a><\/span><\/li>\n<li><span style=\"color: #ff9900;\"><a style=\"color: #ff9900;\" href=\"http:\/\/www.cambridgeenglish.org\/es\/exams\/advanced\/\" target=\"_blank\" rel=\"noopener noreferrer\">\u2022 CAE-C1<\/a><\/span><\/li>\n<\/ul>\n<p>&nbsp;<\/p>\n<p><span style=\"color: #808080;\"><strong>\u00a1Haz <a href=\"https:\/\/academiacesmar.com\/ingles\/\" target=\"_blank\" rel=\"noopener noreferrer\"><span style=\"color: #33cccc;\">clic aqu\u00ed<\/span><\/a> y conoce todos nuestros cursos!<\/strong><\/span><\/p>\n<p><strong><span style=\"color: #ff9900;\">*<\/span> <\/strong>Para los ex\u00e1menes tu profesor o profesora te indicar\u00e1 previamente a la fecha de matriculaci\u00f3n si est\u00e1s preparado\/a para realizar la prueba.[\/vc_column_text][\/vc_column][\/vc_row]<\/p>\n","protected":false},"excerpt":{"rendered":"<p>[vc_row][vc_column][vc_column_text]Las Titulaciones Cambridge English est\u00e1n reconocidas mundialmente por miles de empresas, universidades y organizaciones: \u2022 M\u00e1s de 5.5 millones de personas realizan las pruebas cada a\u00f1o. \u2022 \u00a1Los certificados Cambridge English NO CADUCAN! \u2022 Eval\u00faan conocimiento de gram\u00e1tica y vocabulario y tienen un enfoque acad\u00e9mico. \u2022 Consisten de 4 partes: reading + use of english, [&hellip;]<\/p>\n","protected":false},"author":1,"featured_media":0,"parent":0,"menu_order":0,"comment_status":"closed","ping_status":"closed","template":"","meta":{"pmpro_default_level":0},"_links":{"self":[{"href":"https:\/\/academiacesmar.com\/en\/wp-json\/wp\/v2\/pages\/377"}],"collection":[{"href":"https:\/\/academiacesmar.com\/en\/wp-json\/wp\/v2\/pages"}],"about":[{"href":"https:\/\/academiacesmar.com\/en\/wp-json\/wp\/v2\/types\/page"}],"author":[{"embeddable":true,"href":"https:\/\/academiacesmar.com\/en\/wp-json\/wp\/v2\/users\/1"}],"replies":[{"embeddable":true,"href":"https:\/\/academiacesmar.com\/en\/wp-json\/wp\/v2\/comments?post=377"}],"version-history":[{"count":17,"href":"https:\/\/academiacesmar.com\/en\/wp-json\/wp\/v2\/pages\/377\/revisions"}],"predecessor-version":[{"id":1676,"href":"https:\/\/academiacesmar.com\/en\/wp-json\/wp\/v2\/pages\/377\/revisions\/1676"}],"wp:attachment":[{"href":"https:\/\/academiacesmar.com\/en\/wp-json\/wp\/v2\/media?parent=377"}],"curies":[{"name":"wp","href":"https:\/\/api.w.org\/{rel}","templated":true}]}}