{"id":371,"date":"2020-04-30T10:21:27","date_gmt":"2020-04-30T10:21:27","guid":{"rendered":"https:\/\/academiacesmar.com\/?page_id=371"},"modified":"2020-05-11T12:35:11","modified_gmt":"2020-05-11T12:35:11","slug":"frances","status":"publish","type":"page","link":"https:\/\/academiacesmar.com\/en\/frances\/","title":{"rendered":"Franc\u00e9s"},"content":{"rendered":"<h1 style=\"text-align: center;\"><span style=\"color: #ff9900;\">Clases de franc\u00e9s\u00a0de todos los niveles<\/span><\/h1>\n<p style=\"text-align: justify;\"><span style=\"color: #808080;\">En Cesmar enfocamos nuestros cursos de franc\u00e9s en aprender y mejorar la expresi\u00f3n oral y escrita, obteniendo los mejores resultados en un periodo \u00f3ptimo. Nuestros profesores son todos nativos. Puedes elegir entre diferentes cursos:<\/span><\/p>\n<ul>\n<li style=\"text-align: justify;\"><span style=\"color: #808080;\">Intensivos<\/span><\/li>\n<li style=\"text-align: justify;\"><span style=\"color: #808080;\">Clases en grupo<\/span><\/li>\n<li style=\"text-align: justify;\"><span style=\"color: #808080;\">Clases privadas<\/span><\/li>\n<li style=\"text-align: justify;\"><span style=\"color: #808080;\">Clases a domicilio<\/span><\/li>\n<\/ul>\n<p><span style=\"color: #808080;\">Cursos disponibles para todas las edades y niveles.<\/span><\/p>\n<p><img loading=\"lazy\" class=\"aligncenter wp-image-636 size-full\" src=\"https:\/\/academiacesmar.com\/wp-content\/uploads\/2020\/05\/IMG_2489.jpg\" alt=\"\" width=\"694\" height=\"690\" srcset=\"https:\/\/academiacesmar.com\/wp-content\/uploads\/2020\/05\/IMG_2489.jpg 694w, https:\/\/academiacesmar.com\/wp-content\/uploads\/2020\/05\/IMG_2489-150x150.jpg 150w, https:\/\/academiacesmar.com\/wp-content\/uploads\/2020\/05\/IMG_2489-300x298.jpg 300w, https:\/\/academiacesmar.com\/wp-content\/uploads\/2020\/05\/IMG_2489-100x100.jpg 100w, https:\/\/academiacesmar.com\/wp-content\/uploads\/2020\/05\/IMG_2489-230x230.jpg 230w, https:\/\/academiacesmar.com\/wp-content\/uploads\/2020\/05\/IMG_2489-110x110.jpg 110w, https:\/\/academiacesmar.com\/wp-content\/uploads\/2020\/05\/IMG_2489-600x597.jpg 600w\" sizes=\"(max-width: 694px) 100vw, 694px\" \/><\/p>\n<p>&nbsp;<\/p>\n","protected":false},"excerpt":{"rendered":"<p>Clases de franc\u00e9s\u00a0de todos los niveles En Cesmar enfocamos nuestros cursos de franc\u00e9s en aprender y mejorar la expresi\u00f3n oral y escrita, obteniendo los mejores resultados en un periodo \u00f3ptimo. Nuestros profesores son todos nativos. Puedes elegir entre diferentes cursos: Intensivos Clases en grupo Clases privadas Clases a domicilio Cursos disponibles para todas las edades [&hellip;]<\/p>\n","protected":false},"author":1,"featured_media":0,"parent":0,"menu_order":0,"comment_status":"closed","ping_status":"closed","template":"","meta":{"pmpro_default_level":0},"_links":{"self":[{"href":"https:\/\/academiacesmar.com\/en\/wp-json\/wp\/v2\/pages\/371"}],"collection":[{"href":"https:\/\/academiacesmar.com\/en\/wp-json\/wp\/v2\/pages"}],"about":[{"href":"https:\/\/academiacesmar.com\/en\/wp-json\/wp\/v2\/types\/page"}],"author":[{"embeddable":true,"href":"https:\/\/academiacesmar.com\/en\/wp-json\/wp\/v2\/users\/1"}],"replies":[{"embeddable":true,"href":"https:\/\/academiacesmar.com\/en\/wp-json\/wp\/v2\/comments?post=371"}],"version-history":[{"count":3,"href":"https:\/\/academiacesmar.com\/en\/wp-json\/wp\/v2\/pages\/371\/revisions"}],"predecessor-version":[{"id":637,"href":"https:\/\/academiacesmar.com\/en\/wp-json\/wp\/v2\/pages\/371\/revisions\/637"}],"wp:attachment":[{"href":"https:\/\/academiacesmar.com\/en\/wp-json\/wp\/v2\/media?parent=371"}],"curies":[{"name":"wp","href":"https:\/\/api.w.org\/{rel}","templated":true}]}}