{"id":369,"date":"2020-04-30T10:20:45","date_gmt":"2020-04-30T10:20:45","guid":{"rendered":"https:\/\/academiacesmar.com\/?page_id=369"},"modified":"2022-11-01T14:29:09","modified_gmt":"2022-11-01T12:29:09","slug":"espanol","status":"publish","type":"page","link":"https:\/\/academiacesmar.com\/en\/espanol\/","title":{"rendered":"Espa\u00f1ol"},"content":{"rendered":"<p>[vc_row][vc_column][vc_column_text css=\u00bb.vc_custom_1612370790172{margin-bottom: 12px !important;border-bottom-width: 12px !important;padding-bottom: 12px !important;}\u00bb]<\/p>\n<h1 style=\"text-align: center;\"><strong><span style=\"color: #ff9900;\">Cursos de espa\u00f1ol para extranjeros<\/span><\/strong><\/h1>\n<p style=\"text-align: justify;\"><span style=\"color: #808080;\">Impartimos<strong> varias modalidades de curso<\/strong> para que aprendas <strong>espa\u00f1ol<\/strong> de una forma ajustada a tus necesidades y exigencias \u00a1Elige la opci\u00f3n que mejor te venga!<\/span><\/p>\n<p>[\/vc_column_text][vc_tta_tour color=\u00bborange\u00bb active_section=\u00bb1&#8243;][vc_tta_section title=\u00bbCursos intensivos\u00bb tab_id=\u00bb1612369934566-2ad17b18-2d74&#8243;][vc_column_text]Es el m\u00e9todo ideal para trabajadores o estudiantes extranjeros residentes en Marbella con ganas de aprender o mejorar su espa\u00f1ol.<\/p>\n<ul>\n<li>\u2022 Se trata de un <strong>curso pr\u00e1ctico e interactivo<\/strong> en los que basamos el aprendizaje de contenidos seg\u00fan los <strong>niveles del\u00a0<em>Marco Com\u00fan Europeo de Referencia<\/em>\u00a0para las lenguas\u00a0<span style=\"color: #ff9900;\">(MCER)<\/span><\/strong><\/li>\n<li><b>\u2022 N\u00famero m\u00e1ximo de alumnos por grupo:<\/b> 8<\/li>\n<\/ul>\n<div class=\"avia-icon-list-container avia-builder-el-8 el_before_av_icon_box avia-builder-el-first \">\n<article class=\"article-icon-entry \">\n<div class=\"iconlist_content_wrap\">\n<div class=\"iconlist_content \">\n<p>&nbsp;<\/p>\n<p>Para conocer las <strong>fechas de inicio<\/strong> de los cursos, <a href=\"https:\/\/academiacesmar.com\/contacto\/\" target=\"_blank\" rel=\"noopener noreferrer\"><span style=\"color: #33cccc;\"><strong>\u00a1cont\u00e1ctanos!<\/strong><\/span><\/a><span style=\"color: #33cccc;\"><br \/>\n<\/span>Te damos todos los detalles.<\/p>\n<\/div>\n<\/div>\n<\/article>\n<article class=\"article-icon-entry \">\n<div class=\"iconlist_content_wrap\">\n<div class=\"iconlist_content \">\n<p>&nbsp;<\/p>\n<\/div>\n<\/div>\n<\/article>\n<\/div>\n<p>[\/vc_column_text][\/vc_tta_section][vc_tta_section title=\u00bbClases en grupos\u00bb tab_id=\u00bb1612369934577-ffb2a25d-d96c\u00bb][vc_column_text]Las clases en grupo son ideales para trabajadores y\/o estudiantes extranjeros residentes en la zona de Marbella que desean aprender o mejorar su espa\u00f1ol espa\u00f1ola de una forma tranquila y continuada.<\/p>\n<div class=\"avia-icon-list-container avia-builder-el-10 el_after_av_icon_box el_before_av_icon_box \">\n<article class=\"article-icon-entry \">\n<div class=\"iconlist_content_wrap\">\n<div class=\"iconlist_content \">\n<p>Se trata de un curso pr\u00e1ctico, din\u00e1mico e interactivo en los que nuestros alumnos aprender\u00e1n de forma divertida los recursos ling\u00fc\u00edsticos y comunicativos propios de la lengua espa\u00f1ola. Para ello, los contenidos que trabajamos est\u00e1n basados en los<strong> niveles del <em>Marco Com\u00fan Europeo de Referencia<\/em> para las lenguas<span style=\"color: #ff9900;\"> (MCER)<\/span><\/strong><\/p>\n<ul>\n<li><b>\u2022 Duraci\u00f3n: <\/b>a convenir<\/li>\n<li><b>\u2022 N\u00famero m\u00e1ximo de alumnos por clase: <\/b>8<\/li>\n<li><b>\u2022<\/b> Posibilidad de<strong> incorporaci\u00f3n al curs<\/strong>o durante todo el a\u00f1o.<\/li>\n<\/ul>\n<\/div>\n<\/div>\n<\/article>\n<\/div>\n<p>[\/vc_column_text][\/vc_tta_section][vc_tta_section title=\u00bbClases privadas\u00bb tab_id=\u00bb1612369978602-4d55c6a8-752d\u00bb][vc_column_text]Las <strong>clases privadas<\/strong> de espa\u00f1ol son la mejor opci\u00f3n para aquellas personas que quieren aprender o mejorar, de forma personalizada, su espa\u00f1ol, ya que las clases estar\u00e1n adaptadas a su propio ritmo de aprendizaje. \u00a1Ofrecemos unas clases muy din\u00e1micas e interactivas!<\/p>\n<div class=\"avia-icon-list-container avia-builder-el-18 el_after_av_icon_box el_before_av_icon_box \">\n<ul class=\"avia-icon-list avia-icon-list-left av-iconlist-small avia_animate_when_almost_visible avia-iconlist-animate avia_start_animation\">\n<li>\n<article class=\"article-icon-entry \">\n<div class=\"iconlist_content_wrap\">\n<div class=\"iconlist_content \">\n<p><strong>\u2022<\/strong> Nuestros profesores, nativos, se adaptan a las necesidades individuales de nuestros alumnos, para que estos obtengan los mejores resultados.<\/p>\n<\/div>\n<\/div>\n<footer class=\"entry-footer\"><\/footer>\n<\/article>\n<\/li>\n<li>\n<div class=\"iconlist_icon avia-font-light_\"><b>\u2022 Horarios:<\/b> contamos con total flexibilidad de horarios. Para reservar en el horario que mejor se adapte a tus necesidades, \u00a1<a href=\"https:\/\/academiacesmar.com\/contacto\/\" target=\"_blank\" rel=\"noopener noreferrer\"><strong><span style=\"color: #33cccc;\">contacta<\/span><\/strong><\/a> con nosotros!<\/div>\n<\/li>\n<li>\n<div class=\"iconlist_icon avia-font-light_\"><b>\u2022 Duraci\u00f3n de las clases: <\/b>a convenir con el alumno\/a.<\/div>\n<\/li>\n<li>\n<div class=\"iconlist_icon avia-font-light_\">\n<p><strong>\u2022 N\u00famero m\u00e1ximo de alumnos:<\/strong> 1 o 2<\/p>\n<article class=\"article-icon-entry \">\n<footer class=\"entry-footer\"><\/footer>\n<\/article>\n<\/div>\n<\/li>\n<\/ul>\n<\/div>\n<p>[\/vc_column_text][\/vc_tta_section][vc_tta_section title=\u00bbClases a domicilio\u00bb tab_id=\u00bb1612369999791-08838b00-95c2&#8243;][vc_column_text]Las <strong>clases privadas a domicilio <\/strong>de espa\u00f1ol resultan ser una gran opci\u00f3n para aquellas personas que quieren aprender o mejorar, de forma personalizada, su espa\u00f1ol, pues las clases estar\u00e1n adaptadas a su propio ritmo de aprendizaje \u00a1y e<strong>n su ambiente m\u00e1s cercano! <\/strong>Nos adaptamos a tus necesidades y nos movemos para hacerte m\u00e1s f\u00e1cil el proceso de aprendizaje.<\/p>\n<div class=\"avia-icon-list-container avia-builder-el-18 el_after_av_icon_box el_before_av_icon_box \">\n<ul class=\"avia-icon-list avia-icon-list-left av-iconlist-small avia_animate_when_almost_visible avia-iconlist-animate avia_start_animation\">\n<li>\n<article class=\"article-icon-entry \">\n<div class=\"iconlist_content_wrap\">\n<div class=\"iconlist_content \">\n<p><strong>\u2022<\/strong> Nuestros profesores, nativos, se adaptan a las necesidades individuales de nuestros alumnos, para que estos obtengan los mejores resultados.<\/p>\n<\/div>\n<\/div>\n<footer class=\"entry-footer\"><\/footer>\n<\/article>\n<\/li>\n<li>\n<div class=\"iconlist_icon avia-font-light_\"><b>\u2022 Horarios:<\/b> contamos con total flexibilidad de horarios. Para reservar en el horario que mejor se adapte a tus necesidades, \u00a1<a href=\"https:\/\/academiacesmar.com\/contacto\/\" target=\"_blank\" rel=\"noopener noreferrer\"><strong><span style=\"color: #33cccc;\">contacta<\/span><\/strong><\/a> con nosotros!<\/div>\n<\/li>\n<li>\n<div class=\"iconlist_icon avia-font-light_\"><b>\u2022 Duraci\u00f3n de las clases: <\/b>a convenir con el alumno\/a.<\/div>\n<\/li>\n<\/ul>\n<\/div>\n<p>[\/vc_column_text][\/vc_tta_section][\/vc_tta_tour][vc_column_text css=\u00bb.vc_custom_1612370153708{margin-top: 12px !important;border-top-width: 12px !important;padding-top: 12px !important;}\u00bb]<\/p>\n<p style=\"text-align: center;\"><span style=\"color: #808080;\"><strong>Cursos disponibles para todas las edades y niveles.<\/strong> En CESMAR te ayudamos a aprender o mejorar tu nivel de espa\u00f1ol siguiendo tu propio ritmo de aprendizaje, en un ambiente de confianza.<\/span><\/p>\n<p style=\"text-align: center;\"><strong><span style=\"color: #808080;\">\u00a1Te preparamos para los ex\u00e1menes oficiales!<\/span><\/strong><\/p>\n<p>[\/vc_column_text][\/vc_column][\/vc_row]<\/p>\n","protected":false},"excerpt":{"rendered":"<p>[vc_row][vc_column][vc_column_text css=\u00bb.vc_custom_1612370790172{margin-bottom: 12px !important;border-bottom-width: 12px !important;padding-bottom: 12px !important;}\u00bb] Cursos de espa\u00f1ol para extranjeros Impartimos varias modalidades de curso para que aprendas espa\u00f1ol de una forma ajustada a tus necesidades y exigencias \u00a1Elige la opci\u00f3n que mejor te venga! [\/vc_column_text][vc_tta_tour color=\u00bborange\u00bb active_section=\u00bb1&#8243;][vc_tta_section title=\u00bbCursos intensivos\u00bb tab_id=\u00bb1612369934566-2ad17b18-2d74&#8243;][vc_column_text]Es el m\u00e9todo ideal para trabajadores o estudiantes extranjeros residentes en Marbella [&hellip;]<\/p>\n","protected":false},"author":1,"featured_media":0,"parent":0,"menu_order":0,"comment_status":"closed","ping_status":"closed","template":"","meta":{"pmpro_default_level":0},"_links":{"self":[{"href":"https:\/\/academiacesmar.com\/en\/wp-json\/wp\/v2\/pages\/369"}],"collection":[{"href":"https:\/\/academiacesmar.com\/en\/wp-json\/wp\/v2\/pages"}],"about":[{"href":"https:\/\/academiacesmar.com\/en\/wp-json\/wp\/v2\/types\/page"}],"author":[{"embeddable":true,"href":"https:\/\/academiacesmar.com\/en\/wp-json\/wp\/v2\/users\/1"}],"replies":[{"embeddable":true,"href":"https:\/\/academiacesmar.com\/en\/wp-json\/wp\/v2\/comments?post=369"}],"version-history":[{"count":20,"href":"https:\/\/academiacesmar.com\/en\/wp-json\/wp\/v2\/pages\/369\/revisions"}],"predecessor-version":[{"id":1745,"href":"https:\/\/academiacesmar.com\/en\/wp-json\/wp\/v2\/pages\/369\/revisions\/1745"}],"wp:attachment":[{"href":"https:\/\/academiacesmar.com\/en\/wp-json\/wp\/v2\/media?parent=369"}],"curies":[{"name":"wp","href":"https:\/\/api.w.org\/{rel}","templated":true}]}}