{"id":363,"date":"2020-04-30T10:11:34","date_gmt":"2020-04-30T10:11:34","guid":{"rendered":"https:\/\/academiacesmar.com\/?page_id=363"},"modified":"2022-10-20T22:12:04","modified_gmt":"2022-10-20T22:12:04","slug":"viaja-a-inglaterra","status":"publish","type":"page","link":"https:\/\/academiacesmar.com\/en\/viaja-a-inglaterra\/","title":{"rendered":"Campamentos y cursos en Inglaterra"},"content":{"rendered":"<p>[vc_row][vc_column][vc_column_text]<\/p>\n<h2 style=\"text-align: left;\">\u00bfQuieres\u00a0aprender ingl\u00e9s en Inglaterra?<\/h2>\n<p style=\"text-align: left;\">\u00a1Aprovecha ahora nuestros cursos!<\/p>\n<p>Elija unos de los siguientes modalidades de cursos, individuales o en grupo.<\/p>\n<ul>\n<li><strong>\u2022 Campamento de verano<\/strong><\/li>\n<li><strong>\u2022 Trimestre en Inglaterra o Irlanda<\/strong><\/li>\n<li><strong>\u2022 A\u00f1o escolar en Irlanda<\/strong><\/li>\n<li><strong>\u2022 Cursos de Ingl\u00e9s en general &#8211; corta o larga estancia<\/strong><\/li>\n<li><strong>\u2022 Cursos para j\u00f3venes<\/strong><\/li>\n<li><strong>\u2022 Cursos para adultos<\/strong><\/li>\n<\/ul>\n<p>&nbsp;<\/p>\n<p>\u00a1Invierta en su futuro!<\/p>\n<p>Es una oportunidad \u00fanica que aprenda y mejore su ingl\u00e9s, conocer personas de diferentes idiomas y culturas.<\/p>\n<p>Para m\u00e1s informaci\u00f3n, no dude en ponerse en <a href=\"https:\/\/academiacesmar.com\/contacto\/\" target=\"_blank\" rel=\"noopener noreferrer\">contacto<\/a> con nosotros.<\/p>\n<p>Estaremos encantados de informarle.<\/p>\n<h3><span style=\"color: #ff9900;\"><strong>Curso inmersi\u00f3n ling\u00fc\u00edstica 2023<\/strong><\/span><\/h3>\n<h3><span style=\"color: #ff9900;\">\u00a0<\/span><\/h3>\n<p>[\/vc_column_text][\/vc_column][\/vc_row][vc_row][vc_column width=\u00bb1\/3&#8243; css=\u00bb.vc_custom_1580385655888{border-right-width: 20px !important;}\u00bb][vc_images_carousel images=\u00bb561,562,563,564,565,566,567,568,569,570,571,572,573,574,575,576,577,578,579,580,581,582,583,584,585,586,587,588,589,590,591,592,593,594,595,596,597,598&#8243; img_size=\u00bbmedium\u00bb hide_prev_next_buttons=\u00bbyes\u00bb title=\u00bbSummer Camp 2017&#8243;][\/vc_column][vc_column width=\u00bb1\/3&#8243;][vc_images_carousel images=\u00bb602,603,604,605,606,607,608,609,610,611,612,613,614&#8243; img_size=\u00bbmedium\u00bb title=\u00bbSummer Camp 2018&#8243;][\/vc_column][vc_column width=\u00bb1\/3&#8243;][vc_images_carousel images=\u00bb615,616,617,618,619,620,621,622,623,624,625,626,627,628,629,630,631&#8243; img_size=\u00bbmedium\u00bb title=\u00bbSummer Camp 2019&#8243;][\/vc_column][\/vc_row]<\/p>\n","protected":false},"excerpt":{"rendered":"<p>[vc_row][vc_column][vc_column_text] \u00bfQuieres\u00a0aprender ingl\u00e9s en Inglaterra? \u00a1Aprovecha ahora nuestros cursos! Elija unos de los siguientes modalidades de cursos, individuales o en grupo. \u2022 Campamento de verano \u2022 Trimestre en Inglaterra o Irlanda \u2022 A\u00f1o escolar en Irlanda \u2022 Cursos de Ingl\u00e9s en general &#8211; corta o larga estancia \u2022 Cursos para j\u00f3venes \u2022 Cursos para adultos [&hellip;]<\/p>\n","protected":false},"author":1,"featured_media":0,"parent":0,"menu_order":0,"comment_status":"closed","ping_status":"closed","template":"","meta":{"pmpro_default_level":0},"_links":{"self":[{"href":"https:\/\/academiacesmar.com\/en\/wp-json\/wp\/v2\/pages\/363"}],"collection":[{"href":"https:\/\/academiacesmar.com\/en\/wp-json\/wp\/v2\/pages"}],"about":[{"href":"https:\/\/academiacesmar.com\/en\/wp-json\/wp\/v2\/types\/page"}],"author":[{"embeddable":true,"href":"https:\/\/academiacesmar.com\/en\/wp-json\/wp\/v2\/users\/1"}],"replies":[{"embeddable":true,"href":"https:\/\/academiacesmar.com\/en\/wp-json\/wp\/v2\/comments?post=363"}],"version-history":[{"count":11,"href":"https:\/\/academiacesmar.com\/en\/wp-json\/wp\/v2\/pages\/363\/revisions"}],"predecessor-version":[{"id":1822,"href":"https:\/\/academiacesmar.com\/en\/wp-json\/wp\/v2\/pages\/363\/revisions\/1822"}],"wp:attachment":[{"href":"https:\/\/academiacesmar.com\/en\/wp-json\/wp\/v2\/media?parent=363"}],"curies":[{"name":"wp","href":"https:\/\/api.w.org\/{rel}","templated":true}]}}