{"id":358,"date":"2020-04-30T10:10:12","date_gmt":"2020-04-30T10:10:12","guid":{"rendered":"https:\/\/academiacesmar.com\/?page_id=358"},"modified":"2022-10-31T12:49:02","modified_gmt":"2022-10-31T10:49:02","slug":"ingles","status":"publish","type":"page","link":"https:\/\/academiacesmar.com\/en\/ingles\/","title":{"rendered":"Ingl\u00e9s"},"content":{"rendered":"<p>[vc_row][vc_column][vc_tta_tour color=\u00bborange\u00bb active_section=\u00bb1&#8243;][vc_tta_section title=\u00bbPLAY, LEARN &amp; HAVE FUN\u00bb tab_id=\u00bb1612027003068-24ff3a78-df43&#8243;][vc_column_text]Taller de ingl\u00e9s orientado a <strong>ni\u00f1os de 4 a 6 a\u00f1os.<\/strong> Organizado en el espacio denominado <strong>KIDS ZONE<\/strong>, un ambiente creativo y dise\u00f1ado especialmente para los nuestros peques.<\/p>\n<p>Nuestro programa <span style=\"color: #ff9900;\"><strong>PLAY, LEARN &amp; HAVE FUN<\/strong> <\/span>aplica el <strong>m\u00e9todo moderno de aprendizaje<\/strong>, a trav\u00e9s de los<strong> juegos divertidos, canciones y dibujos<\/strong>; los ni\u00f1os se motivan para entender y hablar f\u00e1cil r\u00e1pidamente y aprender las primeras palabras y frases en ingles. De esta manera establecen la base para el desarrollo posterior del mismo, aprenden y desarrollan sus habilidades comunicativas en ingl\u00e9s.[\/vc_column_text][vc_row_inner][vc_column_inner width=\u00bb1\/2&#8243;][vc_icon icon_fontawesome=\u00bbfa fa-users\u00bb color=\u00bborange\u00bb align=\u00bbcenter\u00bb css=\u00bb.vc_custom_1612028843641{margin-top: 6px !important;margin-bottom: -4px !important;border-top-width: 6px !important;border-bottom-width: -4px !important;padding-top: 6px !important;padding-bottom: -4px !important;}\u00bb][vc_column_text css=\u00bb.vc_custom_1612028133922{margin-top: -10px !important;border-top-width: -10px !important;padding-top: -10px !important;}\u00bb]<\/p>\n<p style=\"text-align: center;\"><strong>N\u00famero m\u00e1ximo de alumnos por grupo:<\/strong> 8<\/p>\n<p>[\/vc_column_text][\/vc_column_inner][vc_column_inner width=\u00bb1\/2&#8243;][vc_icon icon_fontawesome=\u00bbfa fa-calendar\u00bb color=\u00bborange\u00bb align=\u00bbcenter\u00bb css=\u00bb.vc_custom_1612028176484{margin-top: 6px !important;margin-bottom: -4px !important;border-top-width: 6px !important;border-bottom-width: -4px !important;padding-top: 6px !important;padding-bottom: -4px !important;}\u00bb][vc_column_text css=\u00bb.vc_custom_1612028214505{margin-top: -10px !important;border-top-width: -10px !important;padding-top: -10px !important;}\u00bb]<\/p>\n<p style=\"text-align: center;\"><strong>Duraci\u00f3n:<\/strong> el curso completo dura 9 meses, de septiembre a junio.<br \/>\nEl alumno puede incorporarse al curso en cualquier momento.<\/p>\n<p>[\/vc_column_text][\/vc_column_inner][\/vc_row_inner][vc_row_inner][vc_column_inner width=\u00bb1\/2&#8243;][vc_icon icon_fontawesome=\u00bbfa fa-clock-o\u00bb color=\u00bborange\u00bb align=\u00bbcenter\u00bb css=\u00bb.vc_custom_1612028288957{margin-top: 6px !important;margin-bottom: -4px !important;border-top-width: 6px !important;border-bottom-width: -4px !important;padding-top: 6px !important;padding-bottom: -4px !important;}\u00bb][vc_column_text css=\u00bb.vc_custom_1666303824116{margin-top: -10px !important;border-top-width: -10px !important;padding-top: -10px !important;}\u00bb]<\/p>\n<p style=\"text-align: center;\"><strong>Horarios:<\/strong> Martes y jueves de 15:30 a 16:30h<\/p>\n<p>[\/vc_column_text][\/vc_column_inner][vc_column_inner width=\u00bb1\/2&#8243;][\/vc_column_inner][\/vc_row_inner][vc_separator color=\u00bborange\u00bb style=\u00bbshadow\u00bb border_width=\u00bb2&#8243; css=\u00bb.vc_custom_1612450562703{margin-top: 12px !important;margin-bottom: 16px !important;border-top-width: 12px !important;border-bottom-width: 16px !important;padding-top: 12px !important;padding-bottom: 16px !important;}\u00bb][vc_images_carousel img_size=\u00bbfull\u00bb][\/vc_tta_section][vc_tta_section title=\u00bbClases en grupo\u00bb tab_id=\u00bb1612027136957-a2aa073c-c289&#8243;][vc_column_text]Nuestros cursos de ingl\u00e9s est\u00e1n enfocados para que el alumno obtenga la m\u00e1xima seguridad en expresarse en ingl\u00e9s en diferentes situaciones. Para ello, las clases son impartidas por profesores cualificados, en aulas modernas y equipadas para un aprendizaje efectivo y divertido. Estas clases incluyen las cuatro competencias b\u00e1sicas del idioma: <strong>READING &#8211; WRITING &#8211; LISTENING y SPEAKING.<\/strong>[\/vc_column_text][vc_row_inner][vc_column_inner width=\u00bb1\/2&#8243;][vc_icon icon_fontawesome=\u00bbfa fa-sort-amount-desc\u00bb color=\u00bborange\u00bb align=\u00bbcenter\u00bb css=\u00bb.vc_custom_1612028850627{margin-top: 6px !important;margin-bottom: -4px !important;border-top-width: 6px !important;border-bottom-width: -4px !important;padding-top: 6px !important;padding-bottom: -4px !important;}\u00bb][vc_column_text css=\u00bb.vc_custom_1612029472232{margin-top: -10px !important;border-top-width: -10px !important;padding-top: -10px !important;}\u00bb]<\/p>\n<p style=\"text-align: center;\"><span style=\"color: #ff9900;\"><strong><br \/>\nNIVELES<\/strong><\/span><\/p>\n<p style=\"text-align: center;\"><span style=\"color: #808080;\">Starters<br \/>\nMovers<br \/>\nFlyers<br \/>\n<strong>B1\u00a0<\/strong><br \/>\n<strong>B2\u00a0<\/strong><\/span><\/p>\n<p>[\/vc_column_text][\/vc_column_inner][vc_column_inner width=\u00bb1\/2&#8243;][vc_icon icon_fontawesome=\u00bbfa fa-pencil-square-o\u00bb color=\u00bborange\u00bb align=\u00bbcenter\u00bb css=\u00bb.vc_custom_1612028894091{margin-top: 6px !important;margin-bottom: -4px !important;border-top-width: 6px !important;border-bottom-width: -4px !important;padding-top: 6px !important;padding-bottom: -4px !important;}\u00bb][vc_column_text css=\u00bb.vc_custom_1612029478329{margin-top: -10px !important;border-top-width: -10px !important;padding-top: -10px !important;}\u00bb]<\/p>\n<p style=\"text-align: center;\"><span style=\"color: #808080;\"><span style=\"color: #ff9900;\"><span style=\"color: #808080;\"><br \/>\nPreparamos a nuestros alumnos para los<strong><br \/>\nex\u00e1menes oficiales de Cambridge.<\/strong><\/span><\/span><\/span><\/p>\n<p style=\"text-align: center;\">\u00a1Haz clic <a href=\"https:\/\/academiacesmar.com\/examenes-cambridge\/\" target=\"_blank\" rel=\"noopener noreferrer\"><span style=\"color: #33cccc;\"><strong>aqu\u00ed<\/strong><\/span><\/a> y con\u00f3celos!<\/p>\n<p>[\/vc_column_text][\/vc_column_inner][\/vc_row_inner][\/vc_tta_section][vc_tta_section title=\u00bbClases privadas\u00bb tab_id=\u00bb1612027281218-d13efc2c-eab0&#8243;][vc_column_text]Nuestras clases particulares de ingl\u00e9s est\u00e1n dise\u00f1adas tanto para una sola persona o, incluso, parejas con <strong>metas espec\u00edficas.<\/strong> Nuestros profesores adaptar\u00e1n el contenido de aprendizaje para satisfacer tus necesidades y as\u00ed <strong>mejorar tu ingl\u00e9s paso a paso<\/strong> con nuestro <strong>m\u00e9todo de ense\u00f1anza efectivo.<\/strong><\/p>\n<p>Para reservar una clase privada, \u00a1ponte en <a href=\"https:\/\/academiacesmar.com\/contacto\/\" target=\"_blank\" rel=\"noopener noreferrer\"><span style=\"color: #33cccc;\"><strong>contacto<\/strong><\/span><\/a> con nosotros y te damos todos los detalles![\/vc_column_text][\/vc_tta_section][vc_tta_section title=\u00bbCursos intensivos\u00bb tab_id=\u00bb1612027003082-680d7b76-41e6&#8243;][vc_column_text]<\/p>\n<p style=\"text-align: center;\">Si tu meta es aprobar los ex\u00e1menes de<strong> Cambridge en los niveles B1 o B2<\/strong>;\u00a0 retomar y practicar lo que ya sabes o reforzar algunas de las partes del examen como<em> listening<\/em> o <em>speaking<\/em>&#8230; Te ayudamos a conseguirlo.<\/p>\n<p style=\"text-align: center;\">Nos adaptamos a las necesidades de nuestros alumnos y le ofrecemos todo el material necesario de acuerdo a su nivel.<\/p>\n<p style=\"text-align: center;\">\u00a1Te estamos esperamos para cumplir sue\u00f1os juntos!<\/p>\n<h2 style=\"text-align: center;\"><span style=\"color: #ff9900;\">La forma m\u00e1s r\u00e1pida de aprender el idioma.<\/span><\/h2>\n<p style=\"text-align: center;\">Aprende ingl\u00e9s de una forma r\u00e1pida y eficaz con nuestros cursos intensivos. Los cursos tienen una duraci\u00f3n de<strong> 40 horas lectivas.<\/strong><\/p>\n<p>&nbsp;<\/p>\n<p><img loading=\"lazy\" class=\"size-medium wp-image-1685 aligncenter\" src=\"https:\/\/academiacesmar.com\/wp-content\/uploads\/2021\/02\/examenes-cambridge-marbella-300x194.png\" alt=\"\" width=\"300\" height=\"194\" srcset=\"https:\/\/academiacesmar.com\/wp-content\/uploads\/2021\/02\/examenes-cambridge-marbella-300x194.png 300w, https:\/\/academiacesmar.com\/wp-content\/uploads\/2021\/02\/examenes-cambridge-marbella-768x496.png 768w, https:\/\/academiacesmar.com\/wp-content\/uploads\/2021\/02\/examenes-cambridge-marbella-100x65.png 100w, https:\/\/academiacesmar.com\/wp-content\/uploads\/2021\/02\/examenes-cambridge-marbella-600x388.png 600w, https:\/\/academiacesmar.com\/wp-content\/uploads\/2021\/02\/examenes-cambridge-marbella.png 848w\" sizes=\"(max-width: 300px) 100vw, 300px\" \/><\/p>\n<p>&nbsp;<\/p>\n<h1 style=\"text-align: center;\">\u00a1Obt\u00e9n tu <strong>t\u00edtulo oficial Cambridge<\/strong><br \/>\nde ingl\u00e9s!<\/h1>\n<h2><\/h2>\n<h2 class=\"null\">Preparaci\u00f3n Intensiva De Los siguientes Niveles:<\/h2>\n<ul>\n<li>\n<p class=\"null\"><strong>A2 Key\u00a0<\/strong>\u2013 Esta titulaci\u00f3n de nivel b\u00e1sico est\u00e1 indicada para iniciar tu aprendizaje del ingl\u00e9s.<\/p>\n<\/li>\n<li>\n<p class=\"null\"><strong>B1 Preliminary\u00a0\u00a0<\/strong>\u2013 Con este examen, demuestras que dominas los aspectos fundamentales en ingl\u00e9s.<\/p>\n<\/li>\n<li>\n<p class=\"null\"><strong>B2 First\u00a0<\/strong>\u2013 est\u00e1 reconocida mundialmente por miles de empresas e instituciones educativas.<\/p>\n<\/li>\n<\/ul>\n<h3>\u00a1Ven y haz la <strong>prueba de nivel<\/strong> <strong>gratuitamente<\/strong> y te proponemos uno de los cursos a tu medida!<\/h3>\n<p style=\"text-align: center;\">Si no sabes si tu nivel de ingl\u00e9s es <strong><span style=\"color: #33cccc;\"><a style=\"color: #33cccc;\" href=\"https:\/\/academiacesmar.com\/ingles\/\" target=\"_blank\" rel=\"noopener noreferrer\">B1 (Preliminary English) o B2 (First)<\/a><\/span>,<\/strong> no te preocupes, ponte en <a href=\"https:\/\/academiacesmar.com\/contacto\/\">contacto<\/a> con nosotros y te asesoramos:<\/p>\n<p style=\"text-align: center;\"><span style=\"color: #ff9900;\"><strong><a class=\"tran3s\" style=\"color: #ff9900;\" href=\"tel:952 82 80 25\">952 82 80 25<\/a><\/strong><\/span><br \/>\n<a href=\"mailto:info@academiacesmar.com\"><span style=\"color: #ff9900;\"><strong>info@academiacesmar.com<\/strong><\/span><\/a><\/p>\n<p>[\/vc_column_text][\/vc_tta_section][vc_tta_section title=\u00bbIngl\u00e9s espec\u00edfico\u00bb tab_id=\u00bb1612367142221-36f00020-d1af\u00bb][vc_column_text]<\/p>\n<h2>Sea cual sea tu trabajo, \u00a1te ayudamos a mejorar tu nivel de ingl\u00e9s!<\/h2>\n<p>Estos cursos son muy pr\u00e1cticos, enfocados en las distintas situaciones laborales en diferentes sectores, entre cuales pod\u00e9is elegir los siguientes cursos:<\/p>\n<ul>\n<li>\u2022 <strong>Ingl\u00e9s para hosteler\u00eda<\/strong><\/li>\n<li>\u2022 Ingl\u00e9s para <strong>m\u00e9dicos y enfermeros<\/strong><br \/>\n\u2022 Ingl\u00e9s de <strong>negocio<\/strong><\/li>\n<li>\u2022 Ingl\u00e9s de <strong>atenci\u00f3n al cliente<\/strong><\/li>\n<li>\u2022 Ingl\u00e9s para <strong>contabilidad<\/strong><\/li>\n<li>\u2022 Ingl\u00e9s para <strong>salones de belleza<\/strong><\/li>\n<\/ul>\n<p>&nbsp;<\/p>\n<p>Todos estos cursos te ayudar\u00e1n manejar con un vocabulario y expresiones concretas, pr\u00e1cticas y f\u00e1cil para aprender con el fin de resolver cualquier situaci\u00f3n en ingl\u00e9s en tu trabajo.[\/vc_column_text][\/vc_tta_section][\/vc_tta_tour][\/vc_column][\/vc_row][vc_row][vc_column][vc_separator border_width=\u00bb2&#8243;][vc_column_text css=\u00bb.vc_custom_1612027451507{margin-top: 8px !important;border-top-width: 8px !important;padding-top: 8px !important;}\u00bb]<\/p>\n<p style=\"text-align: center;\">Todas las opciones se imparten enfocadas a<strong>\u00a0todas las edades y niveles<\/strong>. Nuestros <strong>profesores nativos, y altamente cualificados,<\/strong> te ayudar\u00e1n a desenvolverte en ingl\u00e9s de la forma m\u00e1s optima, a expresarte bien y mantener una conversaci\u00f3n fluida sobre diferentes temas. Con el objetivo de mantener un\u00a0<strong>ambiente agradable y de confianza<\/strong> para el estudio, todas nuestras aulas est\u00e1n debidamente equipadas, para lograr un <strong>aprendizaje efectivo y divertido.<\/strong> Estas clases incluyen las cuatro competencias b\u00e1sicas del idioma:<\/p>\n<p style=\"text-align: center;\"><em><span style=\"color: #ff9900;\"><strong>READING &#8211; WRITING &#8211; LISTENING y SPEAKING<\/strong><\/span>.<\/em><\/p>\n<p>[\/vc_column_text][\/vc_column][\/vc_row]<\/p>\n","protected":false},"excerpt":{"rendered":"<p>[vc_row][vc_column][vc_tta_tour color=\u00bborange\u00bb active_section=\u00bb1&#8243;][vc_tta_section title=\u00bbPLAY, LEARN &amp; HAVE FUN\u00bb tab_id=\u00bb1612027003068-24ff3a78-df43&#8243;][vc_column_text]Taller de ingl\u00e9s orientado a ni\u00f1os de 4 a 6 a\u00f1os. Organizado en el espacio denominado KIDS ZONE, un ambiente creativo y dise\u00f1ado especialmente para los nuestros peques. Nuestro programa PLAY, LEARN &amp; HAVE FUN aplica el m\u00e9todo moderno de aprendizaje, a trav\u00e9s de los juegos divertidos, [&hellip;]<\/p>\n","protected":false},"author":1,"featured_media":0,"parent":0,"menu_order":0,"comment_status":"closed","ping_status":"closed","template":"","meta":{"pmpro_default_level":0},"_links":{"self":[{"href":"https:\/\/academiacesmar.com\/en\/wp-json\/wp\/v2\/pages\/358"}],"collection":[{"href":"https:\/\/academiacesmar.com\/en\/wp-json\/wp\/v2\/pages"}],"about":[{"href":"https:\/\/academiacesmar.com\/en\/wp-json\/wp\/v2\/types\/page"}],"author":[{"embeddable":true,"href":"https:\/\/academiacesmar.com\/en\/wp-json\/wp\/v2\/users\/1"}],"replies":[{"embeddable":true,"href":"https:\/\/academiacesmar.com\/en\/wp-json\/wp\/v2\/comments?post=358"}],"version-history":[{"count":44,"href":"https:\/\/academiacesmar.com\/en\/wp-json\/wp\/v2\/pages\/358\/revisions"}],"predecessor-version":[{"id":1821,"href":"https:\/\/academiacesmar.com\/en\/wp-json\/wp\/v2\/pages\/358\/revisions\/1821"}],"wp:attachment":[{"href":"https:\/\/academiacesmar.com\/en\/wp-json\/wp\/v2\/media?parent=358"}],"curies":[{"name":"wp","href":"https:\/\/api.w.org\/{rel}","templated":true}]}}