{"id":354,"date":"2020-04-30T10:09:06","date_gmt":"2020-04-30T10:09:06","guid":{"rendered":"https:\/\/academiacesmar.com\/?page_id=354"},"modified":"2021-01-05T19:43:41","modified_gmt":"2021-01-05T19:43:41","slug":"idiomas","status":"publish","type":"page","link":"https:\/\/academiacesmar.com\/en\/idiomas\/","title":{"rendered":"Idiomas"},"content":{"rendered":"<p>[vc_row][vc_column width=\u00bb1\/2&#8243;][vc_column_text]<\/p>\n<h3>PLAY, LEARN &amp; HAVE FUN<\/h3>\n<p>Taller de ingl\u00e9s orientado a los ni\u00f1os peque\u00f1os de 4 a 6 a\u00f1os. Organizado en el espacio denominado KIDS ZONE, un ambiente creativo y dise\u00f1ado especialmente para los peques.<\/p>\n<p>Nuestro programa PLAY, LEARN &amp; HAVE FUN aplica el m\u00e9todo moderno de aprendizaje, a trav\u00e9s de los juegos divertidos, canciones y dibujos; los ni\u00f1os se motivan para entender y hablar f\u00e1cil r\u00e1pidamente y aprender las primeras palabras y frases en ingles. De esta manera establecen la base para el desarrollo posterior del mismo. De esta forma, los ni\u00f1os aprenden y desarollan sus habilidades de comunicaci\u00f3n en ingl\u00e9s.[\/vc_column_text][\/vc_column][vc_column width=\u00bb1\/2&#8243;][vc_single_image image=\u00bb355&#8243; img_size=\u00bbfull\u00bb][\/vc_column][\/vc_row][vc_row][vc_column][vc_column_text]<\/p>\n<p style=\"text-align: justify;\"><strong><span style=\"color: #ff9900;\"><a style=\"color: #ff9900;\" href=\"https:\/\/academiacesmar.com\/ingles\/\">INGL\u00c9S GENERAL<\/a><\/span><span style=\"color: #808080;\">:<\/span><\/strong><span style=\"color: #808080;\"> Cursos intensivos, clases en grupo, clases privadas y clases a domicilio\u2026 para todas las edades y niveles. Cursos enfocados en obtener la m\u00e1xima seguridad en expresarse en ingl\u00e9s en diferentes situaciones. Profesores cualificados. Aulas modernas y equipadas para un aprendizaje efectivo y divertido. Estas clases incluyen las cuatro competencias b\u00e1sicas del idioma: READING-WRITING-LISTENING y SPEAKING.<\/span><\/p>\n<p style=\"text-align: justify;\"><span style=\"color: #ff9900;\"><strong><a style=\"color: #ff9900;\" href=\"https:\/\/academiacesmar.com\/aleman\/\">ALEM\u00c1N<\/a>:<\/strong><\/span> C<span style=\"color: #808080;\">ursos intensivos, clases en grupo, clases privadas y clases a domicilio para todas las edades y niveles. Aprende un idioma nuevo r\u00e1pido y f\u00e1cil con profesor nativo y en un ambiente creativo y lleno de energ\u00eda positiva.<\/span><\/p>\n<p style=\"text-align: justify;\"><strong><span style=\"color: #ff9900;\"><a style=\"color: #ff9900;\" href=\"https:\/\/academiacesmar.com\/frances\/\">FRANC\u00c9S<\/a><\/span><span style=\"color: #808080;\">:<\/span><\/strong><span style=\"color: #808080;\"> Cursos intensivos, clases en grupo, clases privadas y clases a domicilio para todas las edades y niveles. Profesores nativos. Clases enfocadas en aprender y<\/span><span style=\"color: #808080;\"> mejorar la expresi\u00f3n oral obteniendo el m\u00e1ximo rendimiento en un periodo \u00f3ptimo.<\/span><\/p>\n<p><strong><span style=\"color: #ff9900;\"><a style=\"color: #ff9900;\" href=\"https:\/\/academiacesmar.com\/arabe\/\">\u00c1RABE<\/a><\/span><span style=\"color: #808080;\">:<\/span><\/strong><span style=\"color: #808080;\"> Cursos intensivos, clases en grupo, clases privadas y clases a domicilio para todas las edades y niveles. Profesores nativos.<\/span><\/p>\n<p style=\"text-align: justify;\"><strong><span style=\"color: #ff9900;\"><a style=\"color: #ff9900;\" href=\"https:\/\/academiacesmar.com\/espanol\/\">ESPA\u00d1OL PARA EXTRANJEROS<\/a><\/span><span style=\"color: #808080;\">:<\/span><\/strong> <span style=\"color: #808080;\">Cursos intensivos, clases en grupo, clases privadas y clases a domicilio para todas las edades y niveles. Si desea aprender o mejorar su espa\u00f1ol, en CESMAR le ayudamos a conseguirlo a su propio ritmo de aprendizaje, en un ambiente distendido y de confianza. Adem\u00e1s te preparamos para los ex\u00e1menes oficiales.<\/span><\/p>\n<p style=\"text-align: justify;\"><strong><span style=\"color: #ff9900;\"><a style=\"color: #ff9900;\" href=\"https:\/\/academiacesmar.com\/ingles-especifico\" target=\"_blank\" rel=\"noopener noreferrer\">INGL\u00c9S ESPEC\u00cdFICO<\/a><\/span><span style=\"color: #808080;\">:\u00a0<\/span><\/strong><span style=\"color: #808080;\">Estos cursos son muy pr\u00e1cticos, enfocados en las distintas situaciones laborales en diferentes sectores, entre cuales pod\u00e9is elegir los siguientes cursos:<\/span><\/p>\n<ul>\n<li>Ingl\u00e9s para hosteler\u00eda.<\/li>\n<li>Ingl\u00e9s para m\u00e9dicos y enfermeros.<\/li>\n<li>Ingl\u00e9s de negocio.<\/li>\n<li>Ingl\u00e9s de atenci\u00f3n al cliente.<\/li>\n<li>Ingl\u00e9s para contabilidad.<\/li>\n<li>Ingl\u00e9s para salones de belleza.<\/li>\n<\/ul>\n<p>Todos estos cursos te ayudar\u00e1n manejar con un vocabulario y expresiones concretas, pr\u00e1cticas y f\u00e1cil para aprender con el fin de resolver cualquier situaci\u00f3n en ingl\u00e9s en tu trabajo.<\/p>\n<p style=\"text-align: justify;\"><strong><span style=\"color: #ff9900;\"><a style=\"color: #ff9900;\" href=\"https:\/\/academiacesmar.com\/viaja-a-londres\/\">INGL\u00c9S EN LONDRES<\/a><\/span><span style=\"color: #808080;\">:\u00a0<\/span><\/strong><span style=\"color: #808080;\">Una forma diferente y din\u00e1mica de aprender ingl\u00e9s en Inglaterra. Conoce una nueva cultura y vive nuevas experiencias a la vez que amplias r\u00e1pidamente tu nivel de ingl\u00e9s.<\/span><\/p>\n<p>[\/vc_column_text][vc_single_image image=\u00bb356&#8243; img_size=\u00bbfull\u00bb][\/vc_column][\/vc_row]<\/p>\n","protected":false},"excerpt":{"rendered":"<p>[vc_row][vc_column width=\u00bb1\/2&#8243;][vc_column_text] PLAY, LEARN &amp; HAVE FUN Taller de ingl\u00e9s orientado a los ni\u00f1os peque\u00f1os de 4 a 6 a\u00f1os. Organizado en el espacio denominado KIDS ZONE, un ambiente creativo y dise\u00f1ado especialmente para los peques. Nuestro programa PLAY, LEARN &amp; HAVE FUN aplica el m\u00e9todo moderno de aprendizaje, a trav\u00e9s de los juegos divertidos, [&hellip;]<\/p>\n","protected":false},"author":1,"featured_media":0,"parent":0,"menu_order":0,"comment_status":"closed","ping_status":"closed","template":"","meta":{"pmpro_default_level":0},"_links":{"self":[{"href":"https:\/\/academiacesmar.com\/en\/wp-json\/wp\/v2\/pages\/354"}],"collection":[{"href":"https:\/\/academiacesmar.com\/en\/wp-json\/wp\/v2\/pages"}],"about":[{"href":"https:\/\/academiacesmar.com\/en\/wp-json\/wp\/v2\/types\/page"}],"author":[{"embeddable":true,"href":"https:\/\/academiacesmar.com\/en\/wp-json\/wp\/v2\/users\/1"}],"replies":[{"embeddable":true,"href":"https:\/\/academiacesmar.com\/en\/wp-json\/wp\/v2\/comments?post=354"}],"version-history":[{"count":5,"href":"https:\/\/academiacesmar.com\/en\/wp-json\/wp\/v2\/pages\/354\/revisions"}],"predecessor-version":[{"id":1526,"href":"https:\/\/academiacesmar.com\/en\/wp-json\/wp\/v2\/pages\/354\/revisions\/1526"}],"wp:attachment":[{"href":"https:\/\/academiacesmar.com\/en\/wp-json\/wp\/v2\/media?parent=354"}],"curies":[{"name":"wp","href":"https:\/\/api.w.org\/{rel}","templated":true}]}}