{"id":349,"date":"2020-04-30T10:02:33","date_gmt":"2020-04-30T10:02:33","guid":{"rendered":"https:\/\/academiacesmar.com\/?page_id=349"},"modified":"2021-02-04T11:27:53","modified_gmt":"2021-02-04T11:27:53","slug":"apoyo","status":"publish","type":"page","link":"https:\/\/academiacesmar.com\/en\/apoyo\/","title":{"rendered":"Apoyo"},"content":{"rendered":"<p>[vc_row][vc_column width=\u00bb1\/2&#8243;][vc_column_text]<\/p>\n<div id=\"ultimate-heading5eaaa1f982a46\" class=\"uvc-heading ultimate-heading5eaaa1f982a46 uvc-6752 \" data-hspacer=\"image_only\" data-halign=\"left\">\n<div class=\"uvc-main-heading ult-responsive\" data-ultimate-target=\".uvc-heading.ultimate-heading5eaaa1f982a46 h2\" data-responsive-json-new=\"{&quot;font-size&quot;:&quot;desktop:24px;&quot;,&quot;line-height&quot;:&quot;&quot;}\">\n<h2><span style=\"color: #ff9900;\"><strong>\u00bfTienes problemas para superar alguna asignatura?\u00a0<\/strong><\/span><\/h2>\n<\/div>\n<div class=\"uvc-sub-heading ult-responsive\" data-ultimate-target=\".uvc-heading.ultimate-heading5eaaa1f982a46 .uvc-sub-heading \" data-responsive-json-new=\"{&quot;font-size&quot;:&quot;desktop:15px;&quot;,&quot;line-height&quot;:&quot;&quot;}\">\n<p>Resuelve tus dudas y supera las asignaturas que m\u00e1s te cuestan con nuestras <strong>clases de apoyo.<\/strong><\/p>\n<\/div>\n<\/div>\n<div id=\"ultimate-heading5eaaa1f982cf4\" class=\"uvc-heading ultimate-heading5eaaa1f982cf4 uvc-4621 \" data-hspacer=\"image_only\" data-halign=\"left\">\n<div class=\"uvc-sub-heading ult-responsive\" data-ultimate-target=\".uvc-heading.ultimate-heading5eaaa1f982cf4 .uvc-sub-heading \" data-responsive-json-new=\"{&quot;font-size&quot;:&quot;desktop:14px;&quot;,&quot;line-height&quot;:&quot;desktop:21px;&quot;}\">\n<p><strong>Clases de apoyo<\/strong> con profesores cualificados. Grupos reducidos hasta 8 alumnos, clases privadas, clases a domicilio. Nuestro equipo se compromete en <strong>cumplir los objetivos<\/strong> designados creando un <strong>ambiente muy agradable,<\/strong> motivando a los alumnos y aplicando los m\u00e9todos modernos de ense\u00f1anza. Establecemos una comunicaci\u00f3n fluida, constante y constructiva con los padres con el fin de ayudar a los ni\u00f1os y mejorar el proceso de aprendizaje.<\/p>\n<p>En los meses de verano ofrecemos clases de recuperaci\u00f3n a todos los niveles: <strong style=\"color: #ff9900; font-family: poppins, sans-serif; font-size: 1.4em;\">Primaria, Secundaria y Bachillerato<\/strong><span style=\"color: #ff9900; font-family: poppins, sans-serif; font-size: 1.4em;\">.<\/span><\/p>\n<p>&nbsp;<\/p>\n<\/div>\n<\/div>\n<div id=\"ultimate-heading5eaaa1f982da7\" class=\"uvc-heading ultimate-heading5eaaa1f982da7 uvc-6637 \" data-hspacer=\"image_only\" data-halign=\"left\">\n<div class=\"uvc-main-heading ult-responsive\" data-ultimate-target=\".uvc-heading.ultimate-heading5eaaa1f982da7 h2\" data-responsive-json-new=\"{&quot;font-size&quot;:&quot;desktop:24px;&quot;,&quot;line-height&quot;:&quot;&quot;}\">\n<h2><strong><span style=\"color: #ff9900;\">Grados Medio &#8211; Superior &#8211; Universidad<\/span><\/strong><\/h2>\n<\/div>\n<\/div>\n<div id=\"ultimate-heading5eaaa1f982e81\" class=\"uvc-heading ultimate-heading5eaaa1f982e81 uvc-5357 \" data-hspacer=\"image_only\" data-halign=\"left\">\n<div class=\"uvc-sub-heading ult-responsive\" data-ultimate-target=\".uvc-heading.ultimate-heading5eaaa1f982e81 .uvc-sub-heading \" data-responsive-json-new=\"{&quot;font-size&quot;:&quot;desktop:14px;&quot;,&quot;line-height&quot;:&quot;desktop:21px;&quot;}\">\n<p>Si quieres formarte y posicionarte mejor en el mundo laboral, te podemos ayudar a superar la prueba de <strong>acceso a Ciclos Formativos \u00a0y a la Universidad.<\/strong> Las\u00a0<strong>clases<\/strong>\u00a0est\u00e1n\u00a0<strong>enfocadas<\/strong>\u00a0a obtener el m\u00e1ximo rendimiento de cada alumno.<\/p>\n<\/div>\n<\/div>\n<p>[\/vc_column_text][\/vc_column][vc_column width=\u00bb1\/2&#8243;][vc_single_image image=\u00bb350&#8243; img_size=\u00bbfull\u00bb][\/vc_column][\/vc_row][vc_row][vc_column css=\u00bb.vc_custom_1612368136375{margin-top: 28px !important;border-top-width: 28px !important;padding-top: 28px !important;}\u00bb][vc_separator color=\u00bborange\u00bb style=\u00bbshadow\u00bb border_width=\u00bb2&#8243; css=\u00bb.vc_custom_1612368441215{margin-top: 4px !important;margin-bottom: 16px !important;border-top-width: 4px !important;border-bottom-width: 16px !important;padding-top: 4px !important;padding-bottom: 16px !important;}\u00bb][vc_gallery type=\u00bbnivo\u00bb interval=\u00bb3&#8243; images=\u00bb1693,1694,1695,1461,1463,1459&#8243; img_size=\u00bbfull\u00bb][\/vc_column][\/vc_row]<\/p>\n","protected":false},"excerpt":{"rendered":"<p>[vc_row][vc_column width=\u00bb1\/2&#8243;][vc_column_text] \u00bfTienes problemas para superar alguna asignatura?\u00a0 Resuelve tus dudas y supera las asignaturas que m\u00e1s te cuestan con nuestras clases de apoyo. Clases de apoyo con profesores cualificados. Grupos reducidos hasta 8 alumnos, clases privadas, clases a domicilio. Nuestro equipo se compromete en cumplir los objetivos designados creando un ambiente muy agradable, motivando [&hellip;]<\/p>\n","protected":false},"author":1,"featured_media":0,"parent":0,"menu_order":0,"comment_status":"closed","ping_status":"closed","template":"","meta":{"pmpro_default_level":0},"_links":{"self":[{"href":"https:\/\/academiacesmar.com\/en\/wp-json\/wp\/v2\/pages\/349"}],"collection":[{"href":"https:\/\/academiacesmar.com\/en\/wp-json\/wp\/v2\/pages"}],"about":[{"href":"https:\/\/academiacesmar.com\/en\/wp-json\/wp\/v2\/types\/page"}],"author":[{"embeddable":true,"href":"https:\/\/academiacesmar.com\/en\/wp-json\/wp\/v2\/users\/1"}],"replies":[{"embeddable":true,"href":"https:\/\/academiacesmar.com\/en\/wp-json\/wp\/v2\/comments?post=349"}],"version-history":[{"count":25,"href":"https:\/\/academiacesmar.com\/en\/wp-json\/wp\/v2\/pages\/349\/revisions"}],"predecessor-version":[{"id":1692,"href":"https:\/\/academiacesmar.com\/en\/wp-json\/wp\/v2\/pages\/349\/revisions\/1692"}],"wp:attachment":[{"href":"https:\/\/academiacesmar.com\/en\/wp-json\/wp\/v2\/media?parent=349"}],"curies":[{"name":"wp","href":"https:\/\/api.w.org\/{rel}","templated":true}]}}