{"id":1777,"date":"2022-10-10T21:36:49","date_gmt":"2022-10-10T21:36:49","guid":{"rendered":"https:\/\/academiacesmar.com\/?page_id=1777"},"modified":"2025-09-26T10:39:49","modified_gmt":"2025-09-26T08:39:49","slug":"ventanilla","status":"publish","type":"page","link":"https:\/\/academiacesmar.com\/en\/ventanilla\/","title":{"rendered":"Ventanilla de pago r\u00e1pido CESMAR"},"content":{"rendered":"<p>En este \u00e1rea, podr\u00e1s pagar tus cursos de manera sencilla y r\u00e1pida. Introduce el importe de tu curso y, en el siguiente paso,<br \/>\nse te pedir\u00e1 el nombre de alumno y un email. A continuaci\u00f3n solo tendr\u00e1s que a\u00f1adir tu tarjeta para abonar el importe.<br \/>\n<div class=\"wdgk_donation_content\"><h3><\/h3><div class=\"wdgk_display_option\"> <span>&euro;<\/span><input type=\"text\" name=\"donation-price\" class=\"wdgk_donation\" placeholder=\"Pon aqu\u00ed la cantidad a abonar\" value=\"\" ><\/div><a href=\"javascript:void(0)\" class=\"button wdgk_add_donation\" data-product-id=\"1775\" data-product-url=\"https:\/\/academiacesmar.com\/en\/cart-2\/\">Pagar<\/a><input type=\"hidden\" name=\"wdgk_product_id\" value=\"\" class=\"wdgk_product_id\"><input type=\"hidden\" name=\"wdgk_ajax_url\" value=\"https:\/\/academiacesmar.com\/wp-admin\/admin-ajax.php\" class=\"wdgk_ajax_url\"><img src=\"https:\/\/academiacesmar.com\/wp-content\/plugins\/woo-donations\/assets\/images\/ajax-loader.gif\" class=\"wdgk_loader wdgk_loader_img\"><div class=\"wdgk_error_front\"><\/div><\/div>\n<p>&nbsp;<\/p>\n<p>&nbsp;<\/p>\n","protected":false},"excerpt":{"rendered":"<p>En este \u00e1rea, podr\u00e1s pagar tus cursos de manera sencilla y r\u00e1pida. Introduce el importe de tu curso y, en el siguiente paso, se te pedir\u00e1 el nombre de alumno y un email. A continuaci\u00f3n solo tendr\u00e1s que a\u00f1adir tu tarjeta para abonar el importe. &nbsp; &nbsp;<\/p>\n","protected":false},"author":1,"featured_media":0,"parent":0,"menu_order":0,"comment_status":"closed","ping_status":"closed","template":"","meta":{"pmpro_default_level":0},"_links":{"self":[{"href":"https:\/\/academiacesmar.com\/en\/wp-json\/wp\/v2\/pages\/1777"}],"collection":[{"href":"https:\/\/academiacesmar.com\/en\/wp-json\/wp\/v2\/pages"}],"about":[{"href":"https:\/\/academiacesmar.com\/en\/wp-json\/wp\/v2\/types\/page"}],"author":[{"embeddable":true,"href":"https:\/\/academiacesmar.com\/en\/wp-json\/wp\/v2\/users\/1"}],"replies":[{"embeddable":true,"href":"https:\/\/academiacesmar.com\/en\/wp-json\/wp\/v2\/comments?post=1777"}],"version-history":[{"count":8,"href":"https:\/\/academiacesmar.com\/en\/wp-json\/wp\/v2\/pages\/1777\/revisions"}],"predecessor-version":[{"id":5041,"href":"https:\/\/academiacesmar.com\/en\/wp-json\/wp\/v2\/pages\/1777\/revisions\/5041"}],"wp:attachment":[{"href":"https:\/\/academiacesmar.com\/en\/wp-json\/wp\/v2\/media?parent=1777"}],"curies":[{"name":"wp","href":"https:\/\/api.w.org\/{rel}","templated":true}]}}