{"id":1419,"date":"2020-08-25T11:36:10","date_gmt":"2020-08-25T11:36:10","guid":{"rendered":"https:\/\/academiacesmar.com\/?page_id=1419"},"modified":"2022-11-02T16:56:35","modified_gmt":"2022-11-02T14:56:35","slug":"cursos-2","status":"publish","type":"page","link":"https:\/\/academiacesmar.com\/en\/cursos-2\/","title":{"rendered":"Cursos"},"content":{"rendered":"<p style=\"text-align: center;\">Con una nueva temporada, \u00a0seguimos ofreciendo en nuestra<span style=\"color: #ff9900;\"><strong> academia las clases presenciales para el nuevo curso, siempre que las circunstancias lo permitan, <\/strong><\/span>con <span style=\"color: #33cccc;\"><a style=\"color: #33cccc;\" href=\"https:\/\/academiacesmar.com\/nuestras-instalaciones\/\" target=\"_blank\" rel=\"noopener noreferrer\">seguridad adoptadas <\/a><\/span><strong>.\u00a0<\/strong>Porque sabemos que la formaci\u00f3n de nuestro alumnado debe ser continua, la \u00fanica manera v\u00e1lida de consolidar los conocimientos adquiridos. Por ello, \u00a1y porque nos encanta teneros en CESMAR!<\/p>\n<p style=\"text-align: center;\">Actualmente, seguimos ofreciendo nuestro <span style=\"color: #33cccc;\"><strong><a style=\"color: #33cccc;\" href=\"https:\/\/academiacesmar.com\/informatica\/\" target=\"_blank\" rel=\"noopener noreferrer\">CURSO D<\/a><a style=\"color: #33cccc;\" href=\"https:\/\/academiacesmar.com\/informatica\/\" target=\"_blank\" rel=\"noopener noreferrer\">E<\/a><a style=\"color: #33cccc;\" href=\"https:\/\/academiacesmar.com\/informatica\/\" target=\"_blank\" rel=\"noopener noreferrer\">\u00a0INFORM\u00c1TICA<\/a> <\/strong><span style=\"color: #808080;\">para todos aquellos alumnos que, o bien quieran continuar desarrollando sus habilidades tecnol\u00f3gicas, o aprender las nociones b\u00e1sicas del ordenador, as\u00ed como para todos los alumnos que deseen especializarse en programas de <strong>Microsoft Office<\/strong>, tales como <strong>Word<\/strong> o<strong> Excel<\/strong>.\u00a0<\/span><\/span><\/p>\n<p>&nbsp;<\/p>\n<p style=\"text-align: center;\"><a href=\"https:\/\/academiacesmar.com\/informatica\/\" target=\"_blank\" rel=\"noopener noreferrer\"><span style=\"color: #ff9900;\"><strong>\u00a1HAZ CLIC AQU\u00cd PARA CONOCER TODOS LOS DETALLES DEL CURSO!\u00a0<\/strong><\/span><\/a><\/p>\n","protected":false},"excerpt":{"rendered":"<p>Con una nueva temporada, \u00a0seguimos ofreciendo en nuestra academia las clases presenciales para el nuevo curso, siempre que las circunstancias lo permitan, con seguridad adoptadas .\u00a0Porque sabemos que la formaci\u00f3n de nuestro alumnado debe ser continua, la \u00fanica manera v\u00e1lida de consolidar los conocimientos adquiridos. Por ello, \u00a1y porque nos encanta teneros en CESMAR! Actualmente, [&hellip;]<\/p>\n","protected":false},"author":1,"featured_media":0,"parent":0,"menu_order":0,"comment_status":"closed","ping_status":"closed","template":"","meta":{"pmpro_default_level":0},"_links":{"self":[{"href":"https:\/\/academiacesmar.com\/en\/wp-json\/wp\/v2\/pages\/1419"}],"collection":[{"href":"https:\/\/academiacesmar.com\/en\/wp-json\/wp\/v2\/pages"}],"about":[{"href":"https:\/\/academiacesmar.com\/en\/wp-json\/wp\/v2\/types\/page"}],"author":[{"embeddable":true,"href":"https:\/\/academiacesmar.com\/en\/wp-json\/wp\/v2\/users\/1"}],"replies":[{"embeddable":true,"href":"https:\/\/academiacesmar.com\/en\/wp-json\/wp\/v2\/comments?post=1419"}],"version-history":[{"count":4,"href":"https:\/\/academiacesmar.com\/en\/wp-json\/wp\/v2\/pages\/1419\/revisions"}],"predecessor-version":[{"id":5079,"href":"https:\/\/academiacesmar.com\/en\/wp-json\/wp\/v2\/pages\/1419\/revisions\/5079"}],"wp:attachment":[{"href":"https:\/\/academiacesmar.com\/en\/wp-json\/wp\/v2\/media?parent=1419"}],"curies":[{"name":"wp","href":"https:\/\/api.w.org\/{rel}","templated":true}]}}