{"id":1375,"date":"2020-08-17T16:32:59","date_gmt":"2020-08-17T16:32:59","guid":{"rendered":"https:\/\/academiacesmar.com\/?page_id=1375"},"modified":"2022-11-02T16:53:04","modified_gmt":"2022-11-02T14:53:04","slug":"secundaria","status":"publish","type":"page","link":"https:\/\/academiacesmar.com\/en\/secundaria\/","title":{"rendered":"Secundaria"},"content":{"rendered":"<p><span style=\"color: #ff9900;\"><strong>\u00bfEst\u00e1 en tus planes convertirte en un\/a buen\/a docente capaz de transmitir tus conocimientos a los alumnos\/as y hacer que se apasionen y se sientan motivados por la asignatura?<\/strong> <\/span>La mejor opci\u00f3n de convertirte en un profesional y conseguir una plaza de empleo p\u00fablico es preparando las oposiciones de la materia elegida.<\/p>\n<p>En nuestra academia nos preocupamos por la Educaci\u00f3n y, por ello, sumamos a nuestra oferta educativa de<strong> Oposiciones\u00a0<\/strong>una de las especialidades de secundaria m\u00e1s demandas y que, a su vez, mayor n\u00famero de plazas oferta: <strong><a href=\"https:\/\/academiacesmar.com\/lengua-castellana-y-literatura\/\">oposiciones de Lengua y Literatura<\/a>.\u00a0<\/strong><\/p>\n<p>Si has estudiado <strong>Filolog\u00eda Hisp\u00e1nica, has estudiado una carrera de letras,<\/strong>\u00a0y\/o bien posees la titulaci\u00f3n oficial del M\u00e1ster en Profesorado de ESO, Bachillerato, FP e Idiomas,\u00a0 \u00a0 suele ser muy vocacional y casi todos los opositores provienen de una carrera de letras con unas bases firmemente implantadas, por ello seguir estos trucos no les costar\u00e1 demasiado trabajo.<\/p>\n<p>Para lograr el aprobado con \u00e9xito de las oposiciones de Educaci\u00f3n Secundaria es fundamental una <strong>buena preparaci\u00f3n<\/strong>, que te haga destacar entre las miles de personas que se presentar\u00e1n al examen. \u00a1No lo pienses m\u00e1s e inf\u00f3rmate de nuestra preparaci\u00f3n para<strong> Lengua Castellana y Literatura<\/strong> \u00a1haciendo <span style=\"color: #33cccc;\"><a style=\"color: #33cccc;\" href=\"https:\/\/academiacesmar.com\/lengua-castellana-y-literatura\/\"><strong>clic aqu\u00ed<\/strong><\/a><\/span>!<\/p>\n<p>&nbsp;<\/p>\n<p>&nbsp;<\/p>\n<p>&nbsp;<\/p>\n<p>&nbsp;<\/p>\n","protected":false},"excerpt":{"rendered":"<p>\u00bfEst\u00e1 en tus planes convertirte en un\/a buen\/a docente capaz de transmitir tus conocimientos a los alumnos\/as y hacer que se apasionen y se sientan motivados por la asignatura? La mejor opci\u00f3n de convertirte en un profesional y conseguir una plaza de empleo p\u00fablico es preparando las oposiciones de la materia elegida. En nuestra academia [&hellip;]<\/p>\n","protected":false},"author":1,"featured_media":0,"parent":0,"menu_order":0,"comment_status":"closed","ping_status":"closed","template":"","meta":{"pmpro_default_level":0},"_links":{"self":[{"href":"https:\/\/academiacesmar.com\/en\/wp-json\/wp\/v2\/pages\/1375"}],"collection":[{"href":"https:\/\/academiacesmar.com\/en\/wp-json\/wp\/v2\/pages"}],"about":[{"href":"https:\/\/academiacesmar.com\/en\/wp-json\/wp\/v2\/types\/page"}],"author":[{"embeddable":true,"href":"https:\/\/academiacesmar.com\/en\/wp-json\/wp\/v2\/users\/1"}],"replies":[{"embeddable":true,"href":"https:\/\/academiacesmar.com\/en\/wp-json\/wp\/v2\/comments?post=1375"}],"version-history":[{"count":7,"href":"https:\/\/academiacesmar.com\/en\/wp-json\/wp\/v2\/pages\/1375\/revisions"}],"predecessor-version":[{"id":5077,"href":"https:\/\/academiacesmar.com\/en\/wp-json\/wp\/v2\/pages\/1375\/revisions\/5077"}],"wp:attachment":[{"href":"https:\/\/academiacesmar.com\/en\/wp-json\/wp\/v2\/media?parent=1375"}],"curies":[{"name":"wp","href":"https:\/\/api.w.org\/{rel}","templated":true}]}}