{"id":1309,"date":"2020-08-12T12:01:06","date_gmt":"2020-08-12T12:01:06","guid":{"rendered":"https:\/\/academiacesmar.com\/?page_id=1309"},"modified":"2022-11-02T16:49:43","modified_gmt":"2022-11-02T14:49:43","slug":"administrativo","status":"publish","type":"page","link":"https:\/\/academiacesmar.com\/en\/administrativo\/","title":{"rendered":"Administrativo"},"content":{"rendered":"<p>[vc_row][vc_column][vc_tta_tabs color=\u00bborange\u00bb active_section=\u00bb1&#8243;][vc_tta_section title=\u00bbInformaci\u00f3n\u00bb tab_id=\u00bb1597222922822-ecde7a05-5be4&#8243;][vc_column_text]Curso de preparaci\u00f3n para que apruebes las oposiciones de Cuerpo General <strong>Administrativo de la Administraci\u00f3n del Estado, <\/strong>una oposici\u00f3n <strong>100% libre<\/strong>, donde la nota de tus ex\u00e1menes ser\u00e1 la que determine la obtenci\u00f3n de tu plaza.<\/p>\n<p>Al ser un cuerpo perteneciente al Estado, una vez aprobada la prueba, podr\u00e1s obtener destino en cualquier dependencia de la Administraci\u00f3n General del Estado.<\/p>\n<p>En<strong> CESMAR<\/strong> te ayudamos a aprobar las oposiciones de Administrativo del Estado y lograr as\u00ed tu meta. Te informamos de las ofertas, bases de convocatoria y plazos de solicitudes.<\/p>\n<p><strong>\u00bfQu\u00e9 ventajas tienes al prepararte en CESMAR<\/strong><\/p>\n<ul>\n<li>Material propio y actualizado.<\/li>\n<li>Profesorado con gran experiencia en el sector.<\/li>\n<li>Sin compromiso de permanencia.<\/li>\n<li>Cuotas mensuales, no anuales.<\/li>\n<\/ul>\n<section class=\"elementor-element elementor-element-e045ef4 elementor-section-boxed elementor-section-height-default elementor-section-height-default elementor-section elementor-top-section\" data-id=\"e045ef4\" data-element_type=\"section\">\n<div class=\"elementor-container elementor-column-gap-default\">\n<div class=\"elementor-row\">\n<div class=\"elementor-element elementor-element-afb0171 elementor-column elementor-col-100 elementor-top-column\" data-id=\"afb0171\" data-element_type=\"column\">\n<div class=\"elementor-column-wrap elementor-element-populated\">\n<div class=\"elementor-widget-wrap\">\n<div class=\"elementor-element elementor-element-da159f2 elementor-widget elementor-widget-heading\" data-id=\"da159f2\" data-element_type=\"widget\" data-widget_type=\"heading.default\">\n<h3><\/h3>\n<div class=\"elementor-widget-container\">\n<hr \/>\n<h3 class=\"elementor-heading-title elementor-size-default\"><span style=\"color: #ff9900;\"><strong>\u00daLTIMA HORA OPOSICIONES A ADMINISTRATIVO DEL ESTADO<\/strong><\/span><\/h3>\n<\/div>\n<\/div>\n<\/div>\n<\/div>\n<\/div>\n<\/div>\n<\/div>\n<\/section>\n<section class=\"elementor-element elementor-element-3f57f37 elementor-section-boxed elementor-section-height-default elementor-section-height-default elementor-section elementor-top-section\" data-id=\"3f57f37\" data-element_type=\"section\">\n<div class=\"elementor-container elementor-column-gap-default\">\n<div class=\"elementor-row\">\n<div class=\"elementor-element elementor-element-832806e elementor-column elementor-col-100 elementor-top-column\" data-id=\"832806e\" data-element_type=\"column\">\n<div class=\"elementor-column-wrap elementor-element-populated\">\n<div class=\"elementor-widget-wrap\">\n<div class=\"elementor-element elementor-element-c6df04f elementor-widget elementor-widget-text-editor\" data-id=\"c6df04f\" data-element_type=\"widget\" data-widget_type=\"text-editor.default\">\n<div class=\"elementor-widget-container\">\n<div class=\"elementor-text-editor elementor-clearfix\">\n<p>La <strong>Administraci\u00f3n del Estado<\/strong> ha confirmado su compromiso con esta oposici\u00f3n de administrativo y con las fechas de celebraci\u00f3n de los procesos selectivos de cada a\u00f1o.<\/p>\n<p>Con el objetivo de renovar los puestos de funcionarios y acabar con aquellos que est\u00e1n siendo ocupados de forma temporal as\u00ed como aquellos libres por jubilaciones, el Cuerpo de Administrativo del Estado se reactiv\u00f3 en 2017 y desde entonces est\u00e1 ofertando cada vez m\u00e1s plazas.<\/p>\n<p>El objetivo del Gobierno de modernizar los servicios p\u00fablicos supone para nuestros opositores una garant\u00eda de que su esfuerzo y tiempo de dedicaci\u00f3n al estudio no ser\u00e1n en vano.<\/p>\n<\/div>\n<p><img loading=\"lazy\" class=\"aligncenter wp-image-1363\" src=\"https:\/\/academiacesmar.com\/wp-content\/uploads\/2022\/11\/administrativo.jpg\" alt=\"Oposiciones Administrativo Marbella\" width=\"750\" height=\"629\" \/><\/p>\n<\/div>\n<\/div>\n<\/div>\n<\/div>\n<\/div>\n<\/div>\n<\/div>\n<\/section>\n<p>[\/vc_column_text][\/vc_tta_section][vc_tta_section title=\u00bbRequisitos\u00bb tab_id=\u00bb1597222922835-21f74aa9-8e85&#8243;][vc_column_text]<\/p>\n<section class=\"elementor-element elementor-element-4c45a3b elementor-section-boxed elementor-section-height-default elementor-section-height-default elementor-section elementor-top-section\" data-id=\"4c45a3b\" data-element_type=\"section\">\n<div class=\"elementor-container elementor-column-gap-default\">\n<div class=\"elementor-row\">\n<div class=\"elementor-element elementor-element-952626f elementor-column elementor-col-100 elementor-top-column\" data-id=\"952626f\" data-element_type=\"column\">\n<div class=\"elementor-column-wrap elementor-element-populated\">\n<div class=\"elementor-widget-wrap\">\n<div class=\"elementor-element elementor-element-65cecb7 elementor-widget elementor-widget-heading\" data-id=\"65cecb7\" data-element_type=\"widget\" data-widget_type=\"heading.default\">\n<p class=\"elementor-widget-container\"><span style=\"color: #ff9900;\"><strong><span class=\"elementor-heading-title elementor-size-default\">\u00bfQu\u00e9 requisitos necesitas cumplir para ingresar en el Cuerpo de Administrativos del Estado?<\/span><\/strong><\/span><\/p>\n<\/div>\n<\/div>\n<\/div>\n<\/div>\n<\/div>\n<\/div>\n<\/section>\n<section class=\"elementor-element elementor-element-1944842 elementor-section-boxed elementor-section-height-default elementor-section-height-default elementor-section elementor-top-section\" data-id=\"1944842\" data-element_type=\"section\">\n<div class=\"elementor-container elementor-column-gap-default\">\n<div class=\"elementor-row\">\n<div class=\"elementor-element elementor-element-f7371f1 elementor-column elementor-col-100 elementor-top-column\" data-id=\"f7371f1\" data-element_type=\"column\">\n<div class=\"elementor-column-wrap elementor-element-populated\">\n<div class=\"elementor-widget-wrap\">\n<div class=\"elementor-element elementor-element-174563f elementor-widget elementor-widget-text-editor\" data-id=\"174563f\" data-element_type=\"widget\" data-widget_type=\"text-editor.default\">\n<div class=\"elementor-widget-container\">\n<div class=\"elementor-text-editor elementor-clearfix\">\n<p>&nbsp;<\/p>\n<p>Si tu intenci\u00f3n es convertirte en funcionario del <strong>Cuerpo de Administrativos del Estado<\/strong>, debes revisar los requisitos que te indicamos bajo estas l\u00edneas y que ser\u00e1 imprescindible que cuentes\u00a0 con todos ellos antes de la fecha de finalizaci\u00f3n de la convocatoria a la que hayas decidido presentarte, as\u00ed como mantenerlos hasta el momento de la toma de posesi\u00f3n como funcionario de carrera.<\/p>\n<\/div>\n<p>&nbsp;<\/p>\n<p>Adem\u00e1s de los <strong>requisitos generales de participaci\u00f3n<\/strong>, se deber\u00e1n cumplir los que se\u00f1alen las correspondientes bases espec\u00edficas:<\/p>\n<p>&nbsp;<\/p>\n<\/div>\n<\/div>\n<\/div>\n<\/div>\n<\/div>\n<\/div>\n<\/div>\n<\/section>\n<p>[\/vc_column_text][vc_row_inner][vc_column_inner width=\u00bb1\/3&#8243;][vc_single_image image=\u00bb1314&#8243; img_size=\u00bb200&#215;120&#8243; alignment=\u00bbcenter\u00bb][vc_column_text]<\/p>\n<p style=\"text-align: center;\"><span style=\"color: #ff9900;\"><strong>NACIONALIDAD<\/strong><\/span><\/p>\n<p style=\"text-align: center;\">1. Ser espa\u00f1ol o nacional de la UE.<br \/>\n2. Tener c\u00f3nyuge espa\u00f1ol o nacional de la UE, cualquiera sea su nacionalidad.<br \/>\n3. Estar incluido en el \u00e1mbito de aplicaci\u00f3n de los Tratados Internacionales celebrados por la Uni\u00f3n Europea y ratificados por Espa\u00f1a en los que sea de aplicaci\u00f3n la libre circulaci\u00f3n de trabajadores.<\/p>\n<p>[\/vc_column_text][\/vc_column_inner][vc_column_inner width=\u00bb1\/3&#8243;][vc_single_image image=\u00bb1316&#8243; img_size=\u00bb200&#215;120&#8243; alignment=\u00bbcenter\u00bb][vc_column_text]<\/p>\n<p style=\"text-align: center;\"><span style=\"color: #ff9900;\"><strong>EDAD<\/strong><\/span><\/p>\n<p style=\"text-align: center;\">1. Tener cumplidos<strong>\u00a0diecis\u00e9is a\u00f1os<\/strong>\u00a0y no exceder, en su caso, de la edad m\u00e1xima de jubilaci\u00f3n forzosa.<br \/>\n2. Las bases espec\u00edficas podr\u00e1n exigir la edad m\u00ednima de<strong>\u00a0dieciocho a\u00f1os<\/strong>\u00a0para el acceso a los Cuerpos y Escalas que impliquen el ejercicio de autoridad o cuyas funciones supongan riesgo para la salud.<\/p>\n<p>[\/vc_column_text][\/vc_column_inner][vc_column_inner width=\u00bb1\/3&#8243;][vc_single_image image=\u00bb1318&#8243; img_size=\u00bb200&#215;120&#8243; alignment=\u00bbcenter\u00bb][vc_column_text]<\/p>\n<p style=\"text-align: center;\"><strong><span style=\"color: #ff9900;\">TITULACI\u00d3N<\/span><\/strong><\/p>\n<p style=\"text-align: center;\">Poseer la titulaci\u00f3n que se requiera en las bases espec\u00edficas de cada convocatoria. Para ADMINISTRATIVOS se exige estar en posesi\u00f3n del T\u00edtulo de\u00a0<strong>BACHILLER O EQUIVALENTE.<\/strong><\/p>\n<p>[\/vc_column_text][\/vc_column_inner][\/vc_row_inner][vc_row_inner css=\u00bb.vc_custom_1598429635471{margin-top: 6px !important;border-top-width: 6px !important;padding-top: 6px !important;}\u00bb][vc_column_inner width=\u00bb1\/2&#8243;][vc_single_image image=\u00bb1372&#8243; img_size=\u00bb200&#215;120&#8243; alignment=\u00bbcenter\u00bb][vc_column_text]<\/p>\n<p style=\"text-align: center;\"><span style=\"color: #ff9900;\"><strong>CAPACIDAD<\/strong><\/span><\/p>\n<p style=\"text-align: center;\">Poseer la capacidad funcional para el desempe\u00f1o de las tareas habituales del Cuerpo a que se aspira.<\/p>\n<p>[\/vc_column_text][\/vc_column_inner][vc_column_inner width=\u00bb1\/2&#8243;][vc_single_image image=\u00bb1367&#8243; img_size=\u00bb200&#215;120&#8243; alignment=\u00bbcenter\u00bb][vc_column_text]<\/p>\n<p style=\"text-align: center;\"><span style=\"color: #ff9900;\"><strong>HABILITACI\u00d3N<\/strong><\/span><\/p>\n<ol>\n<li style=\"text-align: center;\">No haber sido separado\/a, mediante expediente disciplinario, del servicio de cualquiera de las Administraciones P\u00fablicas, o de los \u00d3rganos Constitucionales o Estatutarios de las Comunidades Aut\u00f3nomas ni hallarse en inhabilitaci\u00f3n absoluta o especial para empleos o cargos p\u00fablicos por resoluci\u00f3n judicial, para el acceso al Cuerpo o Escala de funcionario y no poseer la condici\u00f3n de personal funcionario de carrera del Cuerpo convocado.<\/li>\n<li style=\"text-align: center;\">En el caso de ser nacional de otro Estado, no hallarse inhabilitado\/a o en situaci\u00f3n equivalente ni haber sido sometido\/a a sanci\u00f3n disciplinaria o equivalente que impida, en su Estado, en los mismos t\u00e9rminos, el acceso al empleo p\u00fablico.<\/li>\n<\/ol>\n<p>[\/vc_column_text][\/vc_column_inner][\/vc_row_inner][vc_column_text css=\u00bb.vc_custom_1598429643467{margin-top: 8px !important;border-top-width: 8px !important;padding-top: 8px !important;}\u00bb]<\/p>\n<p style=\"text-align: center;\">Aqu\u00ed hemos resumido los <strong>requisitos<\/strong>\u00a0para acceder al cuerpo de\u00a0<strong>Administrativo del Estado<\/strong>. No obstante, puedes verlos detalladamente en el apartado d\u00e9cimo de las bases comunes de la <em><strong>Orden HFP\/688\/2017, de 20 de julio 2017, por la que se establecen las bases comunes que regir\u00e1n los procesos selectivos para el ingreso o el acceso en cuerpos o escalas de la Administraci\u00f3n General del Estado, <\/strong><\/em>haciendo <a href=\"https:\/\/www.boe.es\/diario_boe\/txt.php?id=BOE-A-2017-8652\"><strong>clic aqu\u00ed.<\/strong><\/a><\/p>\n<p>[\/vc_column_text][\/vc_tta_section][vc_tta_section title=\u00bbTemario\u00bb tab_id=\u00bb1597223141273-2254b3fd-3e29&#8243;][vc_column_text]El contenido de estudio para ser funcionario del cuerpo de Administrativo del Estado est\u00e1 recogido en un total de <strong>38 temas.<\/strong><\/p>\n<p>Este temario se estructura en <strong>5 bloques<\/strong> diferenciados:<\/p>\n<ul>\n<li><span style=\"color: #ff9900;\"><strong>Bloque I:<\/strong>\u00a0<\/span>Organizaci\u00f3n del Estado y de la Administraci\u00f3n P\u00fablica (compuesto por 10 temas): en los que estudiar\u00e1s la Constituci\u00f3n Espa\u00f1ola y<br \/>\nla estructura del Gobierno.<\/li>\n<li><span style=\"color: #ff9900;\"><strong>Bloque II:<\/strong><\/span>\u00a0Organizaci\u00f3n de oficinas p\u00fablicas (integrado por 4 temas): donde se desarrollan aspectos relacionados con la Atenci\u00f3n al p\u00fablico, archivo y registro de documentaci\u00f3n,etc.<\/li>\n<li><span style=\"color: #ff9900;\"><strong>Bloque III:<\/strong>\u00a0<\/span>Derecho administrativo general (desarrollado en 7 temas): en los que aprender\u00e1s acerca de Acto, los procedimientos y la responsabilidad Administrativo, entre otros.<\/li>\n<li><span style=\"color: #ff9900;\"><strong>Bloque IV:<\/strong>\u00a0<\/span>Gesti\u00f3n de Personal (que abarca 10 temas): que abarca los distintos aspectos relacionados con el personal al servicio del Estado.<\/li>\n<li><span style=\"color: #ff9900;\"><strong>Bloque V<\/strong>:<\/span> Gesti\u00f3n financiera (que comprende los \u00faltimos 7 temas): centrado en los presupuestos del Estado, as\u00ed como en los Gastos las retribuciones de los funcionarios.<\/li>\n<\/ul>\n<p>[\/vc_column_text][\/vc_tta_section][vc_tta_section title=\u00bbPruebas de selecci\u00f3n\u00bb tab_id=\u00bb1597229974086-1bb4151a-5472&#8243;][vc_column_text]<\/p>\n<section class=\"elementor-element elementor-element-d01f265 elementor-section-boxed elementor-section-height-default elementor-section-height-default elementor-section elementor-top-section\" data-id=\"d01f265\" data-element_type=\"section\">\n<div class=\"elementor-container elementor-column-gap-default\">\n<div class=\"elementor-row\">\n<div class=\"elementor-element elementor-element-3e46cd5 elementor-column elementor-col-100 elementor-top-column\" data-id=\"3e46cd5\" data-element_type=\"column\">\n<div class=\"elementor-column-wrap elementor-element-populated\">\n<div class=\"elementor-widget-wrap\">\n<div class=\"elementor-element elementor-element-5d6b0d6 elementor-widget elementor-widget-heading\" data-id=\"5d6b0d6\" data-element_type=\"widget\" data-widget_type=\"heading.default\">\n<div class=\"elementor-widget-container\"><span style=\"color: #ff9900;\"><strong><span class=\"elementor-heading-title elementor-size-default\">\u00bfQu\u00e9 pruebas has de superar en las oposiciones de Administrativo del Estado?<\/span><\/strong><\/span><\/div>\n<\/div>\n<\/div>\n<\/div>\n<\/div>\n<\/div>\n<\/div>\n<\/section>\n<section class=\"elementor-element elementor-element-ed6ca33 elementor-section-boxed elementor-section-height-default elementor-section-height-default elementor-section elementor-top-section\" data-id=\"ed6ca33\" data-element_type=\"section\">\n<div class=\"elementor-container elementor-column-gap-default\">\n<div class=\"elementor-row\">\n<div class=\"elementor-element elementor-element-dcb0e11 elementor-column elementor-col-100 elementor-top-column\" data-id=\"dcb0e11\" data-element_type=\"column\">\n<div class=\"elementor-column-wrap elementor-element-populated\">\n<div class=\"elementor-widget-wrap\">\n<div class=\"elementor-element elementor-element-bccb031 elementor-widget elementor-widget-text-editor\" data-id=\"bccb031\" data-element_type=\"widget\" data-widget_type=\"text-editor.default\">\n<div class=\"elementor-widget-container\">\n<div class=\"elementor-text-editor elementor-clearfix\">\n<p class=\"font_8\">El examen de Administrativo del Estado se realiza en la provincia que el candidato haya escogido como \u00abprovincia de examen\u00bb en su instancia.<\/p>\n<p>Como dec\u00edamos en el apartado de informaci\u00f3n, se trata de un sistema de selecci\u00f3n de <strong>OPOSICI\u00d3N LIBRE.<\/strong> Para ello, se deber\u00e1n realizar <strong>DOS EJERCICIOS<\/strong>, ambos obligatorios y eliminatorios:<\/p>\n<p>&nbsp;<\/p>\n<p class=\"font_8\" style=\"padding-left: 40px;\"><strong><span class=\"backcolor_26\" style=\"color: #ff9900;\">PRIMER EJERCICIO<\/span><\/strong>:\u00a0formado por dos partes (<span class=\"color_14\">teor\u00eda + caso pr\u00e1ctico)\u00a0<\/span>a resolver en\u00a090 minutos, ambas obligatorias y eliminatorias:<\/p>\n<ul class=\"font_8\">\n<li>\n<p class=\"font_8\"><strong>Primera parte:\u00a0<\/strong>cuestionario tipo test compuesto por <strong>60 preguntas<\/strong> de todo el temario que figura en el programa.<\/p>\n<ul>\n<li>\n<p class=\"font_8\">La Comisi\u00f3n Permanente de Selecci\u00f3n establecer\u00e1 (en funci\u00f3n del nivel de los aspirantes y de las plazas ofertadas), la puntuaci\u00f3n directa m\u00ednima necesaria para que la segunda parte sea corregida.<\/p>\n<\/li>\n<\/ul>\n<\/li>\n<\/ul>\n<ul class=\"font_8\">\n<li>\n<p class=\"font_8\"><strong>Segunda parte:<\/strong> <strong>supuesto de car\u00e1cter pr\u00e1ctico con 20 preguntas tipo test<\/strong> . En el examen se proponen dos casos pr\u00e1cticos, teniendo que escoger solo uno. Los supuestos pr\u00e1cticos tratar\u00e1n sobre las materias de los <strong>bloques II, III, IV y V del programa.<\/strong><\/p>\n<ul>\n<li>\n<p class=\"font_8\">La Comisi\u00f3n Permanente de Selecci\u00f3n establecer\u00e1 (en funci\u00f3n del nivel de los aspirantes y de las plazas ofertadas), la puntuaci\u00f3n directa m\u00ednima necesaria para pasar la nota de corte.<\/p>\n<\/li>\n<\/ul>\n<\/li>\n<\/ul>\n<p class=\"font_8\">El\u00a0<strong>tiempo m\u00e1ximo<\/strong>\u00a0para la realizaci\u00f3n de este primer examen ser\u00e1 de\u00a0<strong>90 minutos.<\/strong><\/p>\n<p class=\"font_8\">Todas las preguntas respondidas correctamente sumar\u00e1n 1 punto y las respuestas incorrectas restar\u00e1n un tercio (0,33 puntos), por lo que por cada tres preguntas mal respondidas se anular\u00e1 una correcta.<\/p>\n<p>&nbsp;<\/p>\n<p class=\"font_8\" style=\"padding-left: 40px;\"><strong><span style=\"color: #ff9900;\"><span class=\"color_14\"><span class=\"backcolor_26\">SEGUNDO EJERCICIO<\/span><\/span>:<\/span><\/strong> prueba ofim\u00e1tica (solo para aquellos opositores que superen la nota de corte del primer examen).<\/p>\n<p>Esta prueba se realiza\u00a0en<strong>\u00a0Madrid.\u00a0<\/strong><\/p>\n<p class=\"font_8\">Consiste en un <strong>examen pr\u00e1ctico<\/strong> a realizar en ordenador en\u00a0<strong>30 minutos<\/strong>, para evaluar el manejo de los programas\u00a0<strong>Microsoft Word 2010<\/strong> y <strong>Microsoft Excel 2010<\/strong>\u00a0 pertenecientes al<em><strong> paquete\u00a0Office 2010 Professional Plus\u00a0actualizado al Service Pack 2 (SP2).<\/strong><\/em><\/p>\n<p class=\"font_8\">Cada parte del ejercicio (Word y Excel) tiene un peso del 50% y la puntuaci\u00f3n m\u00e1xima de este examen de ofim\u00e1tica es de\u00a050 puntos, siendo la m\u00ednima de 25 puntos.<\/p>\n<p class=\"font_8\">La Comisi\u00f3n Permanente de Selecci\u00f3n establecer\u00e1 (en funci\u00f3n del nivel de los aspirantes y de las plazas ofertadas), la puntuaci\u00f3n directa m\u00ednima necesaria para superar el ejercicio.<\/p>\n<p>&nbsp;<\/p>\n<\/div>\n<\/div>\n<p style=\"padding-left: 40px;\"><strong><span style=\"color: #ff9900;\">CALIFICACI\u00d3N FINAL<\/span><\/strong><\/p>\n<p>La calificaci\u00f3n final de los aspirantes vendr\u00e1 determinada por la suma de las puntuaciones obtenidas en cada uno de los ejercicios.<\/p>\n<p>En caso de<strong> empate<\/strong>, el orden se establecer\u00e1 atendiendo a la mayor puntuaci\u00f3n obtenida en el primer ejercicio y, si esto no fuera suficiente, en el segundo ejercicio.<\/p>\n<\/div>\n<\/div>\n<\/div>\n<\/div>\n<\/div>\n<\/div>\n<\/section>\n<p>[\/vc_column_text][\/vc_tta_section][vc_tta_section title=\u00bbHorarios y precios\u00bb tab_id=\u00bb1597231937634-93a4ee7f-6abd\u00bb][vc_column_text]<\/p>\n<h4><\/h4>\n<p><strong>Modalidad: PRESENCIAL.\u00a0<\/strong><\/p>\n<p><strong>HORARIO: <\/strong>Por determinar, contacta con el centro.<\/p>\n<p><strong>Precio mes:<\/strong> 100\u20ac<\/p>\n<p>[\/vc_column_text][\/vc_tta_section][\/vc_tta_tabs][\/vc_column][vc_column][\/vc_column][vc_column][\/vc_column][vc_column][\/vc_column][vc_column][\/vc_column][\/vc_row]<\/p>\n","protected":false},"excerpt":{"rendered":"<p>[vc_row][vc_column][vc_tta_tabs color=\u00bborange\u00bb active_section=\u00bb1&#8243;][vc_tta_section title=\u00bbInformaci\u00f3n\u00bb tab_id=\u00bb1597222922822-ecde7a05-5be4&#8243;][vc_column_text]Curso de preparaci\u00f3n para que apruebes las oposiciones de Cuerpo General Administrativo de la Administraci\u00f3n del Estado, una oposici\u00f3n 100% libre, donde la nota de tus ex\u00e1menes ser\u00e1 la que determine la obtenci\u00f3n de tu plaza. Al ser un cuerpo perteneciente al Estado, una vez aprobada la prueba, podr\u00e1s obtener destino [&hellip;]<\/p>\n","protected":false},"author":1,"featured_media":0,"parent":0,"menu_order":0,"comment_status":"closed","ping_status":"closed","template":"","meta":{"pmpro_default_level":0},"_links":{"self":[{"href":"https:\/\/academiacesmar.com\/en\/wp-json\/wp\/v2\/pages\/1309"}],"collection":[{"href":"https:\/\/academiacesmar.com\/en\/wp-json\/wp\/v2\/pages"}],"about":[{"href":"https:\/\/academiacesmar.com\/en\/wp-json\/wp\/v2\/types\/page"}],"author":[{"embeddable":true,"href":"https:\/\/academiacesmar.com\/en\/wp-json\/wp\/v2\/users\/1"}],"replies":[{"embeddable":true,"href":"https:\/\/academiacesmar.com\/en\/wp-json\/wp\/v2\/comments?post=1309"}],"version-history":[{"count":37,"href":"https:\/\/academiacesmar.com\/en\/wp-json\/wp\/v2\/pages\/1309\/revisions"}],"predecessor-version":[{"id":5074,"href":"https:\/\/academiacesmar.com\/en\/wp-json\/wp\/v2\/pages\/1309\/revisions\/5074"}],"wp:attachment":[{"href":"https:\/\/academiacesmar.com\/en\/wp-json\/wp\/v2\/media?parent=1309"}],"curies":[{"name":"wp","href":"https:\/\/api.w.org\/{rel}","templated":true}]}}