{"id":1266,"date":"2020-06-12T08:29:21","date_gmt":"2020-06-12T08:29:21","guid":{"rendered":"https:\/\/academiacesmar.com\/?page_id=1266"},"modified":"2023-02-02T11:47:15","modified_gmt":"2023-02-02T09:47:15","slug":"informatica","status":"publish","type":"page","link":"https:\/\/academiacesmar.com\/en\/informatica\/","title":{"rendered":"Inform\u00e1tica"},"content":{"rendered":"<p>[vc_row][vc_column][vc_column_text]<\/p>\n<p style=\"text-align: center;\">\u00bfQuieres aprender a manejar el PC correctamente y sacarle el mayor rendimiento posible? Con nuestro<strong><span style=\"color: #ff9900;\"> curso de Iniciaci\u00f3n a la Inform\u00e1tica<\/span>,<\/strong> te ense\u00f1amos a utilizar correctamente el Sistema Operativo<span style=\"color: #ff9900;\"> <strong>Windows:<\/strong><\/span> ajustes, configuraci\u00f3n, dispositivos externos&#8230;; y los programas b\u00e1sicos de <span style=\"color: #ff9900;\"><strong>Microsoft Office<\/strong>:<\/span> Word, Excel y Power Point; entre muchos otros aspectos y programas.<\/p>\n<p style=\"text-align: center;\">El programa del curso est\u00e1 perfectamente organizado y pensado para que aprendas progresivamente a dominar tu ordenador:<\/p>\n<ol>\n<li>Conceptos b\u00e1sicos y <strong>Windows<\/strong> como sistema operativo.<\/li>\n<li><strong>Mecanograf\u00eda:<\/strong> aprende a escribir a ordenador.<\/li>\n<li>Navega por<strong> Internet<\/strong> con seguridad.<\/li>\n<li>S\u00e1cale el mayor partido a tu<strong> email.<\/strong><\/li>\n<li>Crea documentos: procesador de textos <strong>Word.<\/strong><\/li>\n<li>Modifica tus<strong> im\u00e1genes<\/strong> y empieza a dise\u00f1ar.<\/li>\n<li>Aplicaciones de<strong> Google.<\/strong><\/li>\n<li>Conoce y maneja los <strong>programas<\/strong> m\u00e1s <strong>pr\u00e1cticos<\/strong> de Office.<\/li>\n<\/ol>\n<p>[\/vc_column_text][\/vc_column][\/vc_row][vc_row][vc_column width=\u00bb1\/2&#8243;][vc_column_text][vc_icon icon_fontawesome=\u00bbfa fa-clock-o\u00bb color=\u00bborange\u00bb css=\u00bb.vc_custom_1591954613636{margin-top: 6px !important;border-top-width: 6px !important;padding-top: 6px !important;}\u00bb][vc_column_text css=\u00bb.vc_custom_1633726292599{margin-top: -30px !important;border-top-width: -30px !important;padding-top: -30px !important;}\u00bb]<span style=\"color: #ff9900;\"><strong>Duraci\u00f3n:<br \/>\n<\/strong><\/span><br \/>\n<strong>Horario: <\/strong>viernes de 17:00 a 19:00<strong><br \/>\nPosibilidad de clases particulares con horario a convenir: <\/strong>posibilidad de 2, 3 y 4 horas semanales.[\/vc_column_text][\/vc_column][vc_column width=\u00bb1\/2&#8243;][vc_column_text][vc_icon icon_fontawesome=\u00bbfa fa-calendar-o\u00bb color=\u00bborange\u00bb css=\u00bb.vc_custom_1591954633396{margin-top: 6px !important;border-top-width: 6px !important;padding-top: 6px !important;}\u00bb][vc_column_text css=\u00bb.vc_custom_1609874935910{margin-top: -30px !important;border-top-width: -30px !important;padding-top: -30px !important;}\u00bb]<span style=\"color: #ff9900;\"><strong>Fecha de inicio:<br \/>\n<\/strong><\/span>Posibilidad de incorporarse al curso en cualquier fecha.[\/vc_column_text][\/vc_column][\/vc_row][vc_row][vc_column width=\u00bb1\/2&#8243;][vc_column_text][vc_icon icon_fontawesome=\u00bbfa fa-users\u00bb color=\u00bborange\u00bb css=\u00bb.vc_custom_1591954838947{margin-top: 6px !important;border-top-width: 6px !important;padding-top: 6px !important;}\u00bb][vc_column_text css=\u00bb.vc_custom_1591954851361{margin-top: -30px !important;border-top-width: -30px !important;padding-top: -30px !important;}\u00bb]<span style=\"color: #ff9900;\"><strong>N\u00famero de alumnos:<br \/>\n<\/strong><\/span><strong>6 alumnos<\/strong> por grupo.[\/vc_column_text][\/vc_column][vc_column width=\u00bb1\/2&#8243;][\/vc_column][\/vc_row][vc_row][vc_column][vc_column_text][vc_icon icon_fontawesome=\u00bbfa fa-arrow-down\u00bb color=\u00bborange\u00bb size=\u00bblg\u00bb align=\u00bbcenter\u00bb][vc_single_image image=\u00bb1270&#8243; img_size=\u00bblarge\u00bb alignment=\u00bbcenter\u00bb][\/vc_column_text][\/vc_column][\/vc_row][vc_row][vc_column][vc_separator color=\u00bbwhite\u00bb border_width=\u00bb2&#8243;][vc_separator color=\u00bbwhite\u00bb border_width=\u00bb2&#8243;][vc_column_text css=\u00bb.vc_custom_1598355227127{margin-top: 6px !important;border-top-width: 6px !important;padding-top: 6px !important;}\u00bb]<\/p>\n<p style=\"text-align: center;\">Si ya dominas los conceptos b\u00e1sicos de Inform\u00e1tica y lo que quieres es profundizar en programas como <strong>Word<\/strong> o aprender a escribir r\u00e1pidamente y dominar todos los atajos del teclado, <span style=\"color: #33cccc;\"><strong>\u00a1<a style=\"color: #33cccc;\" href=\"https:\/\/academiacesmar.com\/contacto\/\" target=\"_blank\" rel=\"noopener noreferrer\">inf\u00f3rmate sobre nuestros talleres intensivos<\/a>!<\/strong><\/span><\/p>\n<p>[\/vc_column_text][\/vc_column][\/vc_row][vc_row][vc_column width=\u00bb1\/2&#8243;][vc_column_text]<\/p>\n<h3 style=\"text-align: center;\"><span style=\"color: #ff9900;\"><strong>TALLER DE MECANOGRAF\u00cdA<\/strong><\/span><\/h3>\n<p>[\/vc_column_text][vc_single_image image=\u00bb1274&#8243; img_size=\u00bblarge\u00bb alignment=\u00bbcenter\u00bb css=\u00bb.vc_custom_1591955096372{margin-top: 6px !important;border-top-width: 6px !important;padding-top: 6px !important;}\u00bb][\/vc_column][vc_column width=\u00bb1\/2&#8243;][vc_column_text]<\/p>\n<h3 style=\"text-align: center;\"><span style=\"color: #ff9900;\"><strong>TALLER DE WORD<\/strong><\/span><\/h3>\n<p>[\/vc_column_text][vc_single_image image=\u00bb1279&#8243; img_size=\u00bblarge\u00bb alignment=\u00bbcenter\u00bb css=\u00bb.vc_custom_1591955102702{margin-top: 6px !important;border-top-width: 6px !important;padding-top: 6px !important;}\u00bb][\/vc_column][\/vc_row][vc_row][vc_column][vc_separator color=\u00bbwhite\u00bb border_width=\u00bb2&#8243;][\/vc_column][\/vc_row][vc_row][vc_column][vc_column_text css=\u00bb.vc_custom_1598355248390{margin-top: 6px !important;border-top-width: 6px !important;padding-top: 6px !important;}\u00bb]<\/p>\n<p style=\"text-align: center;\"><strong>Si te interesa alguno de estos talleres, no dudes en <span style=\"color: #33cccc;\"><a style=\"color: #33cccc;\" href=\"https:\/\/academiacesmar.com\/contacto\/\" target=\"_blank\" rel=\"noopener noreferrer\">contactarnos<\/a>.<\/span><\/strong><br \/>\n\u00a1Te damos todos los detalles!<\/p>\n<p>[\/vc_column_text][vc_separator color=\u00bbwhite\u00bb border_width=\u00bb2&#8243;][vc_column_text]<\/p>\n<p style=\"text-align: center;\"><span style=\"color: #ff9900;\"><strong>689 21 72 56<br \/>\n<\/strong><\/span><strong><span style=\"color: #ff9900;\"><a style=\"color: #ff9900;\" href=\"mailto:info@academiacesmar.com\">info@academiacesmar.com<\/a><\/span><\/strong><\/p>\n<p>[\/vc_column_text][\/vc_column][\/vc_row]<\/p>\n","protected":false},"excerpt":{"rendered":"<p>[vc_row][vc_column][vc_column_text] \u00bfQuieres aprender a manejar el PC correctamente y sacarle el mayor rendimiento posible? Con nuestro curso de Iniciaci\u00f3n a la Inform\u00e1tica, te ense\u00f1amos a utilizar correctamente el Sistema Operativo Windows: ajustes, configuraci\u00f3n, dispositivos externos&#8230;; y los programas b\u00e1sicos de Microsoft Office: Word, Excel y Power Point; entre muchos otros aspectos y programas. El programa [&hellip;]<\/p>\n","protected":false},"author":1,"featured_media":0,"parent":0,"menu_order":0,"comment_status":"closed","ping_status":"closed","template":"","meta":{"pmpro_default_level":0},"_links":{"self":[{"href":"https:\/\/academiacesmar.com\/en\/wp-json\/wp\/v2\/pages\/1266"}],"collection":[{"href":"https:\/\/academiacesmar.com\/en\/wp-json\/wp\/v2\/pages"}],"about":[{"href":"https:\/\/academiacesmar.com\/en\/wp-json\/wp\/v2\/types\/page"}],"author":[{"embeddable":true,"href":"https:\/\/academiacesmar.com\/en\/wp-json\/wp\/v2\/users\/1"}],"replies":[{"embeddable":true,"href":"https:\/\/academiacesmar.com\/en\/wp-json\/wp\/v2\/comments?post=1266"}],"version-history":[{"count":28,"href":"https:\/\/academiacesmar.com\/en\/wp-json\/wp\/v2\/pages\/1266\/revisions"}],"predecessor-version":[{"id":5148,"href":"https:\/\/academiacesmar.com\/en\/wp-json\/wp\/v2\/pages\/1266\/revisions\/5148"}],"wp:attachment":[{"href":"https:\/\/academiacesmar.com\/en\/wp-json\/wp\/v2\/media?parent=1266"}],"curies":[{"name":"wp","href":"https:\/\/api.w.org\/{rel}","templated":true}]}}