{"id":1092,"date":"2020-06-01T16:46:24","date_gmt":"2020-06-01T16:46:24","guid":{"rendered":"https:\/\/academiacesmar.com\/?page_id=1092"},"modified":"2020-06-01T16:48:31","modified_gmt":"2020-06-01T16:48:31","slug":"arabe","status":"publish","type":"page","link":"https:\/\/academiacesmar.com\/en\/arabe\/","title":{"rendered":"\u00c1rabe"},"content":{"rendered":"<h1 style=\"text-align: center;\"><span style=\"color: #ff9900;\">Cursos de \u00e1rabe<\/span><\/h1>\n<p>En Cesmar enfocamos nuestras clases de \u00e1rabe en aprender y mejorar la expresi\u00f3n oral y escrita, obteniendo los mejores resultados en un periodo \u00f3ptimo de tiempo. Puedes elegir entre diferentes cursos:<\/p>\n<ul>\n<li><span style=\"color: #808080;\">Cursos intensivos<\/span><\/li>\n<li><span style=\"color: #808080;\">Clases en grupo<\/span><\/li>\n<li><span style=\"color: #808080;\">Clases privadas<\/span><\/li>\n<li><span style=\"color: #808080;\">Clases a domicilio<\/span><\/li>\n<\/ul>\n<p>&nbsp;<\/p>\n<p style=\"text-align: justify;\"><span style=\"color: #808080;\">Todas las opciones se imparten enfocadas a todas las edades y niveles. Nuestros profesores nativos, y altamente cualificados, te ayudar\u00e1n a desenvolverte en \u00e1rabe de manera que puedas mantener una conversaci\u00f3n fluida sobre diferentes temas.\u00a0<\/span><\/p>\n","protected":false},"excerpt":{"rendered":"<p>Cursos de \u00e1rabe En Cesmar enfocamos nuestras clases de \u00e1rabe en aprender y mejorar la expresi\u00f3n oral y escrita, obteniendo los mejores resultados en un periodo \u00f3ptimo de tiempo. Puedes elegir entre diferentes cursos: Cursos intensivos Clases en grupo Clases privadas Clases a domicilio &nbsp; Todas las opciones se imparten enfocadas a todas las edades [&hellip;]<\/p>\n","protected":false},"author":1,"featured_media":0,"parent":0,"menu_order":0,"comment_status":"closed","ping_status":"closed","template":"","meta":{"pmpro_default_level":0},"_links":{"self":[{"href":"https:\/\/academiacesmar.com\/en\/wp-json\/wp\/v2\/pages\/1092"}],"collection":[{"href":"https:\/\/academiacesmar.com\/en\/wp-json\/wp\/v2\/pages"}],"about":[{"href":"https:\/\/academiacesmar.com\/en\/wp-json\/wp\/v2\/types\/page"}],"author":[{"embeddable":true,"href":"https:\/\/academiacesmar.com\/en\/wp-json\/wp\/v2\/users\/1"}],"replies":[{"embeddable":true,"href":"https:\/\/academiacesmar.com\/en\/wp-json\/wp\/v2\/comments?post=1092"}],"version-history":[{"count":7,"href":"https:\/\/academiacesmar.com\/en\/wp-json\/wp\/v2\/pages\/1092\/revisions"}],"predecessor-version":[{"id":1098,"href":"https:\/\/academiacesmar.com\/en\/wp-json\/wp\/v2\/pages\/1092\/revisions\/1098"}],"wp:attachment":[{"href":"https:\/\/academiacesmar.com\/en\/wp-json\/wp\/v2\/media?parent=1092"}],"curies":[{"name":"wp","href":"https:\/\/api.w.org\/{rel}","templated":true}]}}